{"id":1755,"date":"2019-04-09T20:03:28","date_gmt":"2019-04-09T20:03:28","guid":{"rendered":"https:\/\/motorcyclesafetylawyers.com\/homepage\/"},"modified":"2026-04-15T21:52:41","modified_gmt":"2026-04-15T21:52:41","slug":"homepage","status":"publish","type":"page","link":"https:\/\/motorcyclesafetylawyers.com\/es\/","title":{"rendered":"Homepage"},"content":{"rendered":"<h1>\u00bfEs usted, o alguien que conoce, v\u00edctima de un accidente de motocicleta?<\/h1>\n<div class='youtube-embed ratio-16x9 mt-3 mb-5'>\r\n                <iframe src=\"https:\/\/www.youtube.com\/embed\/GMHNDjzgZwU?enablejsapi=1\" frameborder=\"0\" class='hideyoutube-iframe'><\/iframe>\r\n            <\/div>\n<p>Como abogados de accidentes de motocicleta en Chicago, contamos con un equipo para ayudarle a afrontar los desaf\u00edos, los temores y los obst\u00e1culos cuando usted o un ser querido se han visto involucrados en un accidente de motocicleta.<\/p>\n<p>Es probable que haya tantas cosas pasando por tu cabeza, que van desde:<\/p>\n<h4>\u00bfPodr\u00e9\u2026?<\/h4>\n<div class=\"row\">\n<div class=\"col-md-6\">\n<ul class=\"custom-list mb-0 mb-md-3\">\n<li>Caminar<\/li>\n<li>Hablar<\/li>\n<li>Alimentarme<\/li>\n<li>Cuidarme<\/li>\n<li>Trabajar<\/li>\n<li>Apoyar a mi familia<\/li>\n<\/ul>\n<\/div>\n<div class=\"col-md-6\">\n<ul class=\"custom-list mb-0 mb-md-3\">\n<li>Tener intimidad con mi pareja<\/li>\n<li>Jugar con mis hijos<\/li>\n<li>Salir con mis amigos<\/li>\n<li>Vuelve a cabalgar<\/li>\n<li>Pagar mis facturas<\/li>\n<li>S\u00e9 independiente.<\/li>\n<\/ul>\n<\/div>\n<\/div>\n<h4 class=\"mt-3\">La confusi\u00f3n, el miedo y el dolor pueden parecer interminables.<\/h4>\n<p>A medida que te recuperas, es posible que empieces a hacerte preguntas tales como\u2026<\/p>\n<p><strong>\u00bfQu\u00e9 demonios pas\u00f3 realmente?<\/strong><\/p>\n<p><strong>\u00bfQui\u00e9n es el culpable de mi accidente?<\/strong><\/p>\n<p><strong>\u00bfFue culpa m\u00eda o alguien m\u00e1s provoc\u00f3 este accidente?<\/strong><\/p>\n<p>Lo m\u00e1s importante que puede hacer es concentrarse tanto en su recuperaci\u00f3n mental como f\u00edsica, y permitir que alguien cualificado y con experiencia gestione profesionalmente todos los dem\u00e1s detalles, velando por sus mejores intereses y los de su familia.<\/p>\n<p>\u00a1Lo que es a\u00fan m\u00e1s importante es protegerse a usted mismo y a sus seres queridos antes de que -Dios no lo quiera- ocurra un accidente! Hablamos sobre la importancia de contar con una cobertura de seguro de motocicleta adecuada aqu\u00ed, en nuestro sitio web, y en cada uno de los eventos motociclistas a los que asistimos o que patrocinamos. Nosotros NO vendemos ning\u00fan tipo de seguro.<\/p>\n<p>Lo anterior es tambi\u00e9n la raz\u00f3n por la que creamos nuestra Tarjeta VIP para Motociclistas. &amp; Adhesivo para el casco (no olvide que en Illinois contamos con una ley sobre el uso del casco para motociclistas) dise\u00f1ado para su protecci\u00f3n, a fin de orientarlo antes de que surja alg\u00fan problema o en el momento en que este ocurra. Esta es tambi\u00e9n la raz\u00f3n por la que patrocinamos los cursos de Gesti\u00f3n de Escenas de Accidentes (impartidos por David Shuman) de Road Guardians.<\/p>\n<p>Como abogados experimentados en accidentes de motocicleta en Chicago, \u00a1ofrecemos uno de los mejores respaldos disponibles! Los Motorcycle Safety Lawyers cuentan con m\u00e1s de 34 a\u00f1os de experiencia representando a v\u00edctimas de accidentes de motocicleta y a sus seres queridos, gui\u00e1ndolos a trav\u00e9s de los tr\u00e1mites con las aseguradoras, las investigaciones y las leyes de motocicletas de Illinois.<\/p>\n<p>Adem\u00e1s de los conocimientos especializados y la experiencia relacionados con los accidentes de motocicleta y las lesiones, nuestros abogados de lesiones personales en Chicago comprenden los distintos tipos de lesiones que sufren los motociclistas.<\/p>\n<p>Permita que nuestros experimentados abogados especializados en lesiones por accidentes de motocicleta le expliquen sus opciones y recursos legales cuando usted o sus seres queridos hayan sufrido lesiones en un accidente de motocicleta provocado por otra persona.<\/p>\n<p>Entendemos que un resultado favorable es de suma importancia para nuestros clientes y sus familias que han sufrido lesiones en cualquier tipo de accidente: de motocicleta, autom\u00f3vil, cami\u00f3n, bicicleta, en residencias de ancianos o en el lugar de trabajo.<\/p>\n<p>En consecuencia, lucharemos para garantizar que usted sea compensado en la m\u00e1xima medida que permite la ley por cualquier lesi\u00f3n, da\u00f1o a la propiedad, dolor y sufrimiento padecidos como resultado de un accidente provocado por otra persona.<\/p>\n<h2 class=\"text-navy\">Nuestras promesas para usted<\/h2>\n<ul class=\"custom-list-xtra-spacing\">\n<li>Nosotros ofrecemos<strong>GRATIS<\/strong> Consultas sobre su caso de lesiones, y le explicar\u00e1n claramente sus opciones legales.<\/li>\n<li>Lo haremos <strong>Nunca presiones<\/strong> t\u00fa, ya que la decisi\u00f3n siempre depende de <strong>TI<\/strong>..<\/li>\n<li>Nosotros proporcionaremos una <strong>GRATIS<\/strong> Revisi\u00f3n de su cobertura de seguro para asegurar que usted y sus seres queridos est\u00e9n debidamente protegidos. No vendemos ning\u00fan tipo de seguro.<\/li>\n<li>Solo se nos paga o reembolsa si <strong>GANAR<\/strong> para ti.<\/li>\n<li>Tendr\u00e1s<strong>NO<\/strong> Por adelantado <strong>HONORARIOS<\/strong>ni incurrir en ning\u00fan gasto de su propio bolsillo si lo representamos.<\/li>\n<li>No estaremos satisfechos hasta que ganes.<strong>LLENO<\/strong> compensaci\u00f3n, beneficios y <strong>JUSTICIA<\/strong> para su accidente o disputa de seguros en el \u00e1rea metropolitana de Chicago.<\/li>\n<\/ul>\n\n<div class=\"d-none d-lg-block\"><\/div>\n<p>Formar parte de NAMIL significa estar conectados a una red de abogados altamente cualificados en todo el pa\u00eds, quienes han sido rigurosamente evaluados y acreditados como expertos legales s\u00f3lidos y de total confianza. Por ejemplo, hemos colaborado con Skaug Law en numerosos casos; ellos son reconocidos como los <a href=\"https:\/\/skauglaw.com\/practice-areas\/boise-truck-accident-lawyer\/\">abogados de accidentes de camiones en Boise<\/a> m\u00e1s fiables. Si usted o un ser querido necesita representaci\u00f3n legal en Idaho o en cualquier otro estado, trabajaremos codo con codo con nuestros abogados asociados para garantizar que reciban la mejor atenci\u00f3n posible.<\/p>\n","protected":false},"excerpt":{"rendered":"<p>\u00bfEs usted, o alguien que conoce, v\u00edctima de un accidente de motocicleta? Como abogados de accidentes de motocicleta en Chicago, contamos con un equipo para ayudarle a afrontar los desaf\u00edos, los temores y los obst\u00e1culos cuando usted o un ser querido se han visto involucrados en un accidente de motocicleta. Es probable que haya tantas [&hellip;]<\/p>\n","protected":false},"author":1,"featured_media":0,"parent":0,"menu_order":0,"comment_status":"closed","ping_status":"closed","template":"","meta":{"_acf_changed":false,"give_campaign_id":0,"footnotes":""},"class_list":["post-1755","page","type-page","status-publish","hentry"],"acf":[],"yoast_head":"<!-- This site is optimized with the Yoast SEO plugin v27.4 - https:\/\/yoast.com\/product\/yoast-seo-wordpress\/ -->\n<title>Chicago Motorcycle Accident Lawyer | Motorcycle Safety Lawyers\u00ae<\/title>\n<meta name=\"description\" content=\"As a Chicago motorcycle accident lawyer, we are here to represent you in your motorcycle accident case. 1(888) 500-9000\" \/>\n<meta name=\"robots\" content=\"index, follow, max-snippet:-1, max-image-preview:large, max-video-preview:-1\" \/>\n<link rel=\"canonical\" href=\"https:\/\/motorcyclesafetylawyers.com\/es\/\" \/>\n<meta property=\"og:locale\" content=\"es_ES\" \/>\n<meta property=\"og:type\" content=\"article\" \/>\n<meta property=\"og:title\" content=\"Chicago Motorcycle Accident Lawyer | Motorcycle Safety Lawyers\u00ae\" \/>\n<meta property=\"og:description\" content=\"As a Chicago motorcycle accident lawyer, we are here to represent you in your motorcycle accident case. 1(888) 500-9000\" \/>\n<meta property=\"og:url\" content=\"https:\/\/motorcyclesafetylawyers.com\/es\/\" \/>\n<meta property=\"og:site_name\" content=\"Motorcycle Safety Lawyers\" \/>\n<meta property=\"article:publisher\" content=\"https:\/\/www.facebook.com\/motorcyclesafetylawyers\" \/>\n<meta property=\"article:modified_time\" content=\"2026-04-15T21:52:41+00:00\" \/>\n<meta property=\"og:image\" content=\"https:\/\/motorcyclesafetylawyers.com\/wp-content\/uploads\/2023\/02\/msl-logo.png\" \/>\n\t<meta property=\"og:image:width\" content=\"490\" \/>\n\t<meta property=\"og:image:height\" content=\"354\" \/>\n\t<meta property=\"og:image:type\" content=\"image\/png\" \/>\n<meta name=\"twitter:card\" content=\"summary_large_image\" \/>\n<meta name=\"twitter:label1\" content=\"Tiempo de lectura\" \/>\n\t<meta name=\"twitter:data1\" content=\"4 minutos\" \/>\n<script type=\"application\/ld+json\" class=\"yoast-schema-graph\">{\"@context\":\"https:\\\/\\\/schema.org\",\"@graph\":[{\"@type\":\"WebPage\",\"@id\":\"https:\\\/\\\/motorcyclesafetylawyers.com\\\/es\\\/\",\"url\":\"https:\\\/\\\/motorcyclesafetylawyers.com\\\/es\\\/\",\"name\":\"Chicago Motorcycle Accident Lawyer | Motorcycle Safety Lawyers\u00ae\",\"isPartOf\":{\"@id\":\"https:\\\/\\\/motorcyclesafetylawyers.com\\\/es\\\/#website\"},\"datePublished\":\"2019-04-09T20:03:28+00:00\",\"dateModified\":\"2026-04-15T21:52:41+00:00\",\"description\":\"As a Chicago motorcycle accident lawyer, we are here to represent you in your motorcycle accident case. 1(888) 500-9000\",\"breadcrumb\":{\"@id\":\"https:\\\/\\\/motorcyclesafetylawyers.com\\\/es\\\/#breadcrumb\"},\"inLanguage\":\"es\",\"potentialAction\":[{\"@type\":\"ReadAction\",\"target\":[\"https:\\\/\\\/motorcyclesafetylawyers.com\\\/es\\\/\"]}]},{\"@type\":\"BreadcrumbList\",\"@id\":\"https:\\\/\\\/motorcyclesafetylawyers.com\\\/es\\\/#breadcrumb\",\"itemListElement\":[{\"@type\":\"ListItem\",\"position\":1,\"name\":\"Home\",\"item\":\"https:\\\/\\\/motorcyclesafetylawyers.com\\\/es\\\/\"},{\"@type\":\"ListItem\",\"position\":2,\"name\":\"Homepage\"}]},{\"@type\":\"WebSite\",\"@id\":\"https:\\\/\\\/motorcyclesafetylawyers.com\\\/es\\\/#website\",\"url\":\"https:\\\/\\\/motorcyclesafetylawyers.com\\\/es\\\/\",\"name\":\"Motorcycle Safety Lawyers\",\"description\":\"Helping Injured Bikers\u2122 For Over 35 Years\",\"publisher\":{\"@id\":\"https:\\\/\\\/motorcyclesafetylawyers.com\\\/es\\\/#organization\"},\"potentialAction\":[{\"@type\":\"SearchAction\",\"target\":{\"@type\":\"EntryPoint\",\"urlTemplate\":\"https:\\\/\\\/motorcyclesafetylawyers.com\\\/es\\\/?s={search_term_string}\"},\"query-input\":{\"@type\":\"PropertyValueSpecification\",\"valueRequired\":true,\"valueName\":\"search_term_string\"}}],\"inLanguage\":\"es\"},{\"@type\":\"Organization\",\"@id\":\"https:\\\/\\\/motorcyclesafetylawyers.com\\\/es\\\/#organization\",\"name\":\"Illinois Motorcycle Lawyers\",\"url\":\"https:\\\/\\\/motorcyclesafetylawyers.com\\\/es\\\/\",\"logo\":{\"@type\":\"ImageObject\",\"inLanguage\":\"es\",\"@id\":\"https:\\\/\\\/motorcyclesafetylawyers.com\\\/es\\\/#\\\/schema\\\/logo\\\/image\\\/\",\"url\":\"https:\\\/\\\/motorcyclesafetylawyers.com\\\/wp-content\\\/uploads\\\/2022\\\/02\\\/motorcycle-safety-lawyers-logo-white.png\",\"contentUrl\":\"https:\\\/\\\/motorcyclesafetylawyers.com\\\/wp-content\\\/uploads\\\/2022\\\/02\\\/motorcycle-safety-lawyers-logo-white.png\",\"width\":482,\"height\":348,\"caption\":\"Illinois Motorcycle Lawyers\"},\"image\":{\"@id\":\"https:\\\/\\\/motorcyclesafetylawyers.com\\\/es\\\/#\\\/schema\\\/logo\\\/image\\\/\"},\"sameAs\":[\"https:\\\/\\\/www.facebook.com\\\/motorcyclesafetylawyers\",\"https:\\\/\\\/www.instagram.com\\\/motorcyclesafetylawyers\\\/\",\"https:\\\/\\\/www.youtube.com\\\/channel\\\/UCEGzDpXoyXOCCSFA4iIPlPw\"]}]}<\/script>\n<!-- \/ Yoast SEO plugin. -->","yoast_head_json":{"title":"Chicago Motorcycle Accident Lawyer | Motorcycle Safety Lawyers\u00ae","description":"As a Chicago motorcycle accident lawyer, we are here to represent you in your motorcycle accident case. 1(888) 500-9000","robots":{"index":"index","follow":"follow","max-snippet":"max-snippet:-1","max-image-preview":"max-image-preview:large","max-video-preview":"max-video-preview:-1"},"canonical":"https:\/\/motorcyclesafetylawyers.com\/es\/","og_locale":"es_ES","og_type":"article","og_title":"Chicago Motorcycle Accident Lawyer | Motorcycle Safety Lawyers\u00ae","og_description":"As a Chicago motorcycle accident lawyer, we are here to represent you in your motorcycle accident case. 1(888) 500-9000","og_url":"https:\/\/motorcyclesafetylawyers.com\/es\/","og_site_name":"Motorcycle Safety Lawyers","article_publisher":"https:\/\/www.facebook.com\/motorcyclesafetylawyers","article_modified_time":"2026-04-15T21:52:41+00:00","og_image":[{"width":490,"height":354,"url":"https:\/\/motorcyclesafetylawyers.com\/wp-content\/uploads\/2023\/02\/msl-logo.png","type":"image\/png"}],"twitter_card":"summary_large_image","twitter_misc":{"Tiempo de lectura":"4 minutos"},"schema":{"@context":"https:\/\/schema.org","@graph":[{"@type":"WebPage","@id":"https:\/\/motorcyclesafetylawyers.com\/es\/","url":"https:\/\/motorcyclesafetylawyers.com\/es\/","name":"Chicago Motorcycle Accident Lawyer | Motorcycle Safety Lawyers\u00ae","isPartOf":{"@id":"https:\/\/motorcyclesafetylawyers.com\/es\/#website"},"datePublished":"2019-04-09T20:03:28+00:00","dateModified":"2026-04-15T21:52:41+00:00","description":"As a Chicago motorcycle accident lawyer, we are here to represent you in your motorcycle accident case. 1(888) 500-9000","breadcrumb":{"@id":"https:\/\/motorcyclesafetylawyers.com\/es\/#breadcrumb"},"inLanguage":"es","potentialAction":[{"@type":"ReadAction","target":["https:\/\/motorcyclesafetylawyers.com\/es\/"]}]},{"@type":"BreadcrumbList","@id":"https:\/\/motorcyclesafetylawyers.com\/es\/#breadcrumb","itemListElement":[{"@type":"ListItem","position":1,"name":"Home","item":"https:\/\/motorcyclesafetylawyers.com\/es\/"},{"@type":"ListItem","position":2,"name":"Homepage"}]},{"@type":"WebSite","@id":"https:\/\/motorcyclesafetylawyers.com\/es\/#website","url":"https:\/\/motorcyclesafetylawyers.com\/es\/","name":"Motorcycle Safety Lawyers","description":"Helping Injured Bikers\u2122 For Over 35 Years","publisher":{"@id":"https:\/\/motorcyclesafetylawyers.com\/es\/#organization"},"potentialAction":[{"@type":"SearchAction","target":{"@type":"EntryPoint","urlTemplate":"https:\/\/motorcyclesafetylawyers.com\/es\/?s={search_term_string}"},"query-input":{"@type":"PropertyValueSpecification","valueRequired":true,"valueName":"search_term_string"}}],"inLanguage":"es"},{"@type":"Organization","@id":"https:\/\/motorcyclesafetylawyers.com\/es\/#organization","name":"Illinois Motorcycle Lawyers","url":"https:\/\/motorcyclesafetylawyers.com\/es\/","logo":{"@type":"ImageObject","inLanguage":"es","@id":"https:\/\/motorcyclesafetylawyers.com\/es\/#\/schema\/logo\/image\/","url":"https:\/\/motorcyclesafetylawyers.com\/wp-content\/uploads\/2022\/02\/motorcycle-safety-lawyers-logo-white.png","contentUrl":"https:\/\/motorcyclesafetylawyers.com\/wp-content\/uploads\/2022\/02\/motorcycle-safety-lawyers-logo-white.png","width":482,"height":348,"caption":"Illinois Motorcycle Lawyers"},"image":{"@id":"https:\/\/motorcyclesafetylawyers.com\/es\/#\/schema\/logo\/image\/"},"sameAs":["https:\/\/www.facebook.com\/motorcyclesafetylawyers","https:\/\/www.instagram.com\/motorcyclesafetylawyers\/","https:\/\/www.youtube.com\/channel\/UCEGzDpXoyXOCCSFA4iIPlPw"]}]}},"campaignId":"","_links":{"self":[{"href":"https:\/\/motorcyclesafetylawyers.com\/es\/wp-json\/wp\/v2\/pages\/1755","targetHints":{"allow":["GET"]}}],"collection":[{"href":"https:\/\/motorcyclesafetylawyers.com\/es\/wp-json\/wp\/v2\/pages"}],"about":[{"href":"https:\/\/motorcyclesafetylawyers.com\/es\/wp-json\/wp\/v2\/types\/page"}],"author":[{"embeddable":true,"href":"https:\/\/motorcyclesafetylawyers.com\/es\/wp-json\/wp\/v2\/users\/1"}],"replies":[{"embeddable":true,"href":"https:\/\/motorcyclesafetylawyers.com\/es\/wp-json\/wp\/v2\/comments?post=1755"}],"version-history":[{"count":6,"href":"https:\/\/motorcyclesafetylawyers.com\/es\/wp-json\/wp\/v2\/pages\/1755\/revisions"}],"predecessor-version":[{"id":5495,"href":"https:\/\/motorcyclesafetylawyers.com\/es\/wp-json\/wp\/v2\/pages\/1755\/revisions\/5495"}],"wp:attachment":[{"href":"https:\/\/motorcyclesafetylawyers.com\/es\/wp-json\/wp\/v2\/media?parent=1755"}],"curies":[{"name":"wp","href":"https:\/\/api.w.org\/{rel}","templated":true}]}}