{"id":5493,"date":"2026-04-15T21:29:47","date_gmt":"2026-04-15T21:29:47","guid":{"rendered":"https:\/\/motorcyclesafetylawyers.com\/politica-de-privacidad\/"},"modified":"2026-04-16T20:15:02","modified_gmt":"2026-04-16T20:15:02","slug":"politica-de-privacidad","status":"publish","type":"page","link":"https:\/\/motorcyclesafetylawyers.com\/es\/politica-de-privacidad\/","title":{"rendered":"Pol\u00edtica de privacidad"},"content":{"rendered":"<h1>Pol\u00edtica de privacidad y condiciones de uso<\/h1>\n<p><strong>Derechos de autor y marcas registradas<\/strong><br \/>\nTodos los derechos de autor y marcas registradas son propiedad de Motorcycle Safety Lawyers\u00ae, una divisi\u00f3n de Shuman Legal\u00ae.<\/p>\n<p><strong>Recopilaci\u00f3n de informaci\u00f3n personal<\/strong><br \/>\nNo es necesario que nos proporcione ninguna informaci\u00f3n personal al visitar nuestro sitio web. La \u00fanica informaci\u00f3n personal que recopilamos a trav\u00e9s de nuestro sitio web es aquella que usted pueda proporcionarnos voluntariamente mediante los \u00abformularios en l\u00ednea\u00bb disponibles en nuestro sitio, o si decide enviar un correo electr\u00f3nico a un abogado o empleado de Motorcycle Safety Lawyers\u00ae, una divisi\u00f3n de Shuman Legal\u00ae.<\/p>\n<p>Es posible que recopilemos autom\u00e1ticamente informaci\u00f3n general y an\u00f3nima relacionada con su uso de nuestro sitio web, tal como la fecha y la hora en que lo visita, as\u00ed como las p\u00e1ginas que consulta dentro del mismo. Nuestros servidores tambi\u00e9n podr\u00edan recopilar autom\u00e1ticamente informaci\u00f3n sobre el tipo de navegador que usted utiliza y el nombre de su proveedor de servicios de Internet. Adem\u00e1s, podr\u00edamos recopilar informaci\u00f3n de \u00abcookies\u00bb desde su navegador con el fin de identificar su equipo y obtener un registro de sus visitas a nuestro sitio web (en conjunto, lo anterior se denomina \u00abDatos de uso\u00bb).<\/p>\n<p><strong>Uso de informaci\u00f3n personal<\/strong><br \/>\nLa informaci\u00f3n personal que nos proporcione al enviarnos un correo electr\u00f3nico se utilizar\u00e1 exclusivamente para identificarle y responder al motivo de su mensaje. Utilizamos los datos de uso para supervisar y mejorar el funcionamiento y las caracter\u00edsticas del sitio web.<\/p>\n<p><strong>Divulgaci\u00f3n de informaci\u00f3n personal<\/strong><br \/>\nMotorcycle Safety Lawyers\u00ae, una divisi\u00f3n de Shuman Legal\u00ae, no transferir\u00e1, vender\u00e1 ni divulgar\u00e1 de ninguna otra manera su informaci\u00f3n personal a terceros sin su consentimiento previo por escrito. Podemos divulgar su informaci\u00f3n personal a terceros que administren o gestionen servicios en l\u00ednea en nuestro nombre.<\/p>\n<p><strong>Enlaces<\/strong><br \/>\nEste sitio web contiene enlaces a otros sitios. Motorcycle Safety Lawyers\u00ae, una divisi\u00f3n de Shuman Legal\u00ae, no asume responsabilidad ni obligaci\u00f3n alguna respecto a las comunicaciones o materiales disponibles en dichos sitios enlazados. Todos los enlaces se proporcionan \u00fanicamente para su conveniencia; no constituyen un respaldo ni una recomendaci\u00f3n por parte de nuestra firma.<\/p>\n<p><strong>Seguridad de la informaci\u00f3n personal<\/strong><br \/>\nMantendremos su informaci\u00f3n personal en un sistema de almacenamiento de datos seguro para salvaguardarla contra el acceso, uso o divulgaci\u00f3n no autorizados. Mantendremos la estricta confidencialidad de toda la informaci\u00f3n personal recopilada y solo divulgaremos dicha informaci\u00f3n, bajo condiciones de confidencialidad, a los empleados de Motorcycle Safety Lawyers\u00ae, una divisi\u00f3n de Shuman Legal\u00ae, que requieran dicha informaci\u00f3n para los fines establecidos anteriormente.<\/p>\n<p>Solo conservaremos su informaci\u00f3n personal durante el tiempo que resulte necesaria o pertinente para los fines antes mencionados, o seg\u00fan lo exija la ley. Las comunicaciones por correo electr\u00f3nico entre Motorcycle Safety Lawyers\u00ae, una divisi\u00f3n de Shuman Legal\u00ae, y usted podr\u00edan no ser seguras. Le sugerimos que encripte todos sus correos electr\u00f3nicos para aumentar la seguridad de sus comunicaciones con nuestra firma.<\/p>\n<p><strong>Contacto<\/strong><br \/>\nSi desea solicitar acceso a su informaci\u00f3n personal, solicitar una correcci\u00f3n de dicha informaci\u00f3n o tiene preguntas sobre nuestra pol\u00edtica de privacidad, por favor cont\u00e1ctenos en:<\/p>\n<p>Motorcycle Safety Lawyers\u00ae,<br \/>\nUna divisi\u00f3n de Shuman Legal\u00ae<br \/>\n105 West Adams Street<br \/>\nPiso 28, Chicago, IL 60603<br \/>\n(888) 500-9000 | Env\u00edenos un correo electr\u00f3nico<br \/>\n\u00a9 2022 | Todos los derechos reservados<\/p>\n<p><strong>Condiciones de uso<\/strong><br \/>\nLa informaci\u00f3n que usted obtiene en este sitio no constituye, ni pretende constituir, asesoramiento legal. Usted debe consultar a un abogado para recibir asesoramiento con respecto a su situaci\u00f3n particular. Le invitamos a ponerse en contacto con nosotros y recibimos con agrado sus llamadas, cartas y correos electr\u00f3nicos. El hecho de contactarnos no establece una relaci\u00f3n abogado-cliente. Por favor, no nos env\u00ede ninguna informaci\u00f3n confidencial hasta que se haya establecido una relaci\u00f3n abogado-cliente.<\/p>\n","protected":false},"excerpt":{"rendered":"<p>Pol\u00edtica de privacidad y condiciones de uso Derechos de autor y marcas registradas Todos los derechos de autor y marcas registradas son propiedad de Motorcycle Safety Lawyers\u00ae, una divisi\u00f3n de Shuman Legal\u00ae. Recopilaci\u00f3n de informaci\u00f3n personal No es necesario que nos proporcione ninguna informaci\u00f3n personal al visitar nuestro sitio web. La \u00fanica informaci\u00f3n personal que [&hellip;]<\/p>\n","protected":false},"author":8,"featured_media":0,"parent":0,"menu_order":0,"comment_status":"closed","ping_status":"closed","template":"","meta":{"_acf_changed":false,"give_campaign_id":0,"footnotes":""},"class_list":["post-5493","page","type-page","status-publish","hentry"],"acf":[],"yoast_head":"<!-- This site is optimized with the Yoast SEO plugin v27.4 - https:\/\/yoast.com\/product\/yoast-seo-wordpress\/ -->\n<title>Pol\u00edtica de privacidad - Motorcycle Safety Lawyers<\/title>\n<meta name=\"description\" content=\"Lee nuestra pol\u00edtica de privacidad para conocer las condiciones de seguridad del usuario, el proceso de recogida de informaci\u00f3n y los derechos generales de nuestros lectores.\" \/>\n<meta name=\"robots\" content=\"index, follow, max-snippet:-1, max-image-preview:large, max-video-preview:-1\" \/>\n<link rel=\"canonical\" href=\"https:\/\/motorcyclesafetylawyers.com\/es\/politica-de-privacidad\/\" \/>\n<meta property=\"og:locale\" content=\"es_ES\" \/>\n<meta property=\"og:type\" content=\"article\" \/>\n<meta property=\"og:title\" content=\"Pol\u00edtica de privacidad - Motorcycle Safety Lawyers\" \/>\n<meta property=\"og:description\" content=\"Lee nuestra pol\u00edtica de privacidad para conocer las condiciones de seguridad del usuario, el proceso de recogida de informaci\u00f3n y los derechos generales de nuestros lectores.\" \/>\n<meta property=\"og:url\" content=\"https:\/\/motorcyclesafetylawyers.com\/es\/politica-de-privacidad\/\" \/>\n<meta property=\"og:site_name\" content=\"Motorcycle Safety Lawyers\" \/>\n<meta property=\"article:publisher\" content=\"https:\/\/www.facebook.com\/motorcyclesafetylawyers\" \/>\n<meta property=\"article:modified_time\" content=\"2026-04-16T20:15:02+00:00\" \/>\n<meta property=\"og:image\" content=\"https:\/\/motorcyclesafetylawyers.com\/wp-content\/uploads\/2023\/02\/msl-logo.png\" \/>\n\t<meta property=\"og:image:width\" content=\"490\" \/>\n\t<meta property=\"og:image:height\" content=\"354\" \/>\n\t<meta property=\"og:image:type\" content=\"image\/png\" \/>\n<meta name=\"twitter:card\" content=\"summary_large_image\" \/>\n<script type=\"application\/ld+json\" class=\"yoast-schema-graph\">{\"@context\":\"https:\\\/\\\/schema.org\",\"@graph\":[{\"@type\":\"WebPage\",\"@id\":\"https:\\\/\\\/motorcyclesafetylawyers.com\\\/es\\\/politica-de-privacidad\\\/\",\"url\":\"https:\\\/\\\/motorcyclesafetylawyers.com\\\/es\\\/politica-de-privacidad\\\/\",\"name\":\"Pol\u00edtica de privacidad - Motorcycle Safety Lawyers\",\"isPartOf\":{\"@id\":\"https:\\\/\\\/motorcyclesafetylawyers.com\\\/es\\\/#website\"},\"datePublished\":\"2026-04-15T21:29:47+00:00\",\"dateModified\":\"2026-04-16T20:15:02+00:00\",\"description\":\"Lee nuestra pol\u00edtica de privacidad para conocer las condiciones de seguridad del usuario, el proceso de recogida de informaci\u00f3n y los derechos generales de nuestros lectores.\",\"breadcrumb\":{\"@id\":\"https:\\\/\\\/motorcyclesafetylawyers.com\\\/es\\\/politica-de-privacidad\\\/#breadcrumb\"},\"inLanguage\":\"es\",\"potentialAction\":[{\"@type\":\"ReadAction\",\"target\":[\"https:\\\/\\\/motorcyclesafetylawyers.com\\\/es\\\/politica-de-privacidad\\\/\"]}]},{\"@type\":\"BreadcrumbList\",\"@id\":\"https:\\\/\\\/motorcyclesafetylawyers.com\\\/es\\\/politica-de-privacidad\\\/#breadcrumb\",\"itemListElement\":[{\"@type\":\"ListItem\",\"position\":1,\"name\":\"Home\",\"item\":\"https:\\\/\\\/motorcyclesafetylawyers.com\\\/es\\\/\"},{\"@type\":\"ListItem\",\"position\":2,\"name\":\"Pol\u00edtica de privacidad\"}]},{\"@type\":\"WebSite\",\"@id\":\"https:\\\/\\\/motorcyclesafetylawyers.com\\\/es\\\/#website\",\"url\":\"https:\\\/\\\/motorcyclesafetylawyers.com\\\/es\\\/\",\"name\":\"Motorcycle Safety Lawyers\",\"description\":\"Helping Injured Bikers\u2122 For Over 35 Years\",\"publisher\":{\"@id\":\"https:\\\/\\\/motorcyclesafetylawyers.com\\\/es\\\/#organization\"},\"potentialAction\":[{\"@type\":\"SearchAction\",\"target\":{\"@type\":\"EntryPoint\",\"urlTemplate\":\"https:\\\/\\\/motorcyclesafetylawyers.com\\\/es\\\/?s={search_term_string}\"},\"query-input\":{\"@type\":\"PropertyValueSpecification\",\"valueRequired\":true,\"valueName\":\"search_term_string\"}}],\"inLanguage\":\"es\"},{\"@type\":\"Organization\",\"@id\":\"https:\\\/\\\/motorcyclesafetylawyers.com\\\/es\\\/#organization\",\"name\":\"Illinois Motorcycle Lawyers\",\"url\":\"https:\\\/\\\/motorcyclesafetylawyers.com\\\/es\\\/\",\"logo\":{\"@type\":\"ImageObject\",\"inLanguage\":\"es\",\"@id\":\"https:\\\/\\\/motorcyclesafetylawyers.com\\\/es\\\/#\\\/schema\\\/logo\\\/image\\\/\",\"url\":\"https:\\\/\\\/motorcyclesafetylawyers.com\\\/wp-content\\\/uploads\\\/2022\\\/02\\\/motorcycle-safety-lawyers-logo-white.png\",\"contentUrl\":\"https:\\\/\\\/motorcyclesafetylawyers.com\\\/wp-content\\\/uploads\\\/2022\\\/02\\\/motorcycle-safety-lawyers-logo-white.png\",\"width\":482,\"height\":348,\"caption\":\"Illinois Motorcycle Lawyers\"},\"image\":{\"@id\":\"https:\\\/\\\/motorcyclesafetylawyers.com\\\/es\\\/#\\\/schema\\\/logo\\\/image\\\/\"},\"sameAs\":[\"https:\\\/\\\/www.facebook.com\\\/motorcyclesafetylawyers\",\"https:\\\/\\\/www.instagram.com\\\/motorcyclesafetylawyers\\\/\",\"https:\\\/\\\/www.youtube.com\\\/channel\\\/UCEGzDpXoyXOCCSFA4iIPlPw\"]}]}<\/script>\n<!-- \/ Yoast SEO plugin. -->","yoast_head_json":{"title":"Pol\u00edtica de privacidad - Motorcycle Safety Lawyers","description":"Lee nuestra pol\u00edtica de privacidad para conocer las condiciones de seguridad del usuario, el proceso de recogida de informaci\u00f3n y los derechos generales de nuestros lectores.","robots":{"index":"index","follow":"follow","max-snippet":"max-snippet:-1","max-image-preview":"max-image-preview:large","max-video-preview":"max-video-preview:-1"},"canonical":"https:\/\/motorcyclesafetylawyers.com\/es\/politica-de-privacidad\/","og_locale":"es_ES","og_type":"article","og_title":"Pol\u00edtica de privacidad - Motorcycle Safety Lawyers","og_description":"Lee nuestra pol\u00edtica de privacidad para conocer las condiciones de seguridad del usuario, el proceso de recogida de informaci\u00f3n y los derechos generales de nuestros lectores.","og_url":"https:\/\/motorcyclesafetylawyers.com\/es\/politica-de-privacidad\/","og_site_name":"Motorcycle Safety Lawyers","article_publisher":"https:\/\/www.facebook.com\/motorcyclesafetylawyers","article_modified_time":"2026-04-16T20:15:02+00:00","og_image":[{"width":490,"height":354,"url":"https:\/\/motorcyclesafetylawyers.com\/wp-content\/uploads\/2023\/02\/msl-logo.png","type":"image\/png"}],"twitter_card":"summary_large_image","schema":{"@context":"https:\/\/schema.org","@graph":[{"@type":"WebPage","@id":"https:\/\/motorcyclesafetylawyers.com\/es\/politica-de-privacidad\/","url":"https:\/\/motorcyclesafetylawyers.com\/es\/politica-de-privacidad\/","name":"Pol\u00edtica de privacidad - Motorcycle Safety Lawyers","isPartOf":{"@id":"https:\/\/motorcyclesafetylawyers.com\/es\/#website"},"datePublished":"2026-04-15T21:29:47+00:00","dateModified":"2026-04-16T20:15:02+00:00","description":"Lee nuestra pol\u00edtica de privacidad para conocer las condiciones de seguridad del usuario, el proceso de recogida de informaci\u00f3n y los derechos generales de nuestros lectores.","breadcrumb":{"@id":"https:\/\/motorcyclesafetylawyers.com\/es\/politica-de-privacidad\/#breadcrumb"},"inLanguage":"es","potentialAction":[{"@type":"ReadAction","target":["https:\/\/motorcyclesafetylawyers.com\/es\/politica-de-privacidad\/"]}]},{"@type":"BreadcrumbList","@id":"https:\/\/motorcyclesafetylawyers.com\/es\/politica-de-privacidad\/#breadcrumb","itemListElement":[{"@type":"ListItem","position":1,"name":"Home","item":"https:\/\/motorcyclesafetylawyers.com\/es\/"},{"@type":"ListItem","position":2,"name":"Pol\u00edtica de privacidad"}]},{"@type":"WebSite","@id":"https:\/\/motorcyclesafetylawyers.com\/es\/#website","url":"https:\/\/motorcyclesafetylawyers.com\/es\/","name":"Motorcycle Safety Lawyers","description":"Helping Injured Bikers\u2122 For Over 35 Years","publisher":{"@id":"https:\/\/motorcyclesafetylawyers.com\/es\/#organization"},"potentialAction":[{"@type":"SearchAction","target":{"@type":"EntryPoint","urlTemplate":"https:\/\/motorcyclesafetylawyers.com\/es\/?s={search_term_string}"},"query-input":{"@type":"PropertyValueSpecification","valueRequired":true,"valueName":"search_term_string"}}],"inLanguage":"es"},{"@type":"Organization","@id":"https:\/\/motorcyclesafetylawyers.com\/es\/#organization","name":"Illinois Motorcycle Lawyers","url":"https:\/\/motorcyclesafetylawyers.com\/es\/","logo":{"@type":"ImageObject","inLanguage":"es","@id":"https:\/\/motorcyclesafetylawyers.com\/es\/#\/schema\/logo\/image\/","url":"https:\/\/motorcyclesafetylawyers.com\/wp-content\/uploads\/2022\/02\/motorcycle-safety-lawyers-logo-white.png","contentUrl":"https:\/\/motorcyclesafetylawyers.com\/wp-content\/uploads\/2022\/02\/motorcycle-safety-lawyers-logo-white.png","width":482,"height":348,"caption":"Illinois Motorcycle Lawyers"},"image":{"@id":"https:\/\/motorcyclesafetylawyers.com\/es\/#\/schema\/logo\/image\/"},"sameAs":["https:\/\/www.facebook.com\/motorcyclesafetylawyers","https:\/\/www.instagram.com\/motorcyclesafetylawyers\/","https:\/\/www.youtube.com\/channel\/UCEGzDpXoyXOCCSFA4iIPlPw"]}]}},"campaignId":"","_links":{"self":[{"href":"https:\/\/motorcyclesafetylawyers.com\/es\/wp-json\/wp\/v2\/pages\/5493","targetHints":{"allow":["GET"]}}],"collection":[{"href":"https:\/\/motorcyclesafetylawyers.com\/es\/wp-json\/wp\/v2\/pages"}],"about":[{"href":"https:\/\/motorcyclesafetylawyers.com\/es\/wp-json\/wp\/v2\/types\/page"}],"author":[{"embeddable":true,"href":"https:\/\/motorcyclesafetylawyers.com\/es\/wp-json\/wp\/v2\/users\/8"}],"replies":[{"embeddable":true,"href":"https:\/\/motorcyclesafetylawyers.com\/es\/wp-json\/wp\/v2\/comments?post=5493"}],"version-history":[{"count":3,"href":"https:\/\/motorcyclesafetylawyers.com\/es\/wp-json\/wp\/v2\/pages\/5493\/revisions"}],"predecessor-version":[{"id":5501,"href":"https:\/\/motorcyclesafetylawyers.com\/es\/wp-json\/wp\/v2\/pages\/5493\/revisions\/5501"}],"wp:attachment":[{"href":"https:\/\/motorcyclesafetylawyers.com\/es\/wp-json\/wp\/v2\/media?parent=5493"}],"curies":[{"name":"wp","href":"https:\/\/api.w.org\/{rel}","templated":true}]}}