{"id":5498,"date":"2026-04-16T15:47:05","date_gmt":"2026-04-16T15:47:05","guid":{"rendered":"https:\/\/motorcyclesafetylawyers.com\/declaracion-de-accesibilidad\/"},"modified":"2026-04-17T17:10:07","modified_gmt":"2026-04-17T17:10:07","slug":"declaracion-de-accesibilidad","status":"publish","type":"page","link":"https:\/\/motorcyclesafetylawyers.com\/es\/declaracion-de-accesibilidad\/","title":{"rendered":"Declaraci\u00f3n de accesibilidad"},"content":{"rendered":"<h1>Declaraci\u00f3n de accesibilidad<\/h1>\n<p>Motorcycle Safety Lawyers\u00ae, una divisi\u00f3n de Shuman Legal \u2014motorcycledev.wpengine.com\u2014 se compromete a ofrecer un sitio web accesible para la audiencia m\u00e1s amplia posible, independientemente de la tecnolog\u00eda o de las capacidades de los usuarios. Trabajamos activamente con una empresa de desarrollo web para mejorar la accesibilidad y la usabilidad de nuestro sitio, adhiri\u00e9ndonos en este proceso a muchos de los est\u00e1ndares y pautas disponibles.<\/p>\n<p>Si bien Motorcycle Safety Lawyers\u00ae, una divisi\u00f3n de Shuman Legal \u2014motorcycledev.wpengine.com\u2014 se esforzar\u00e1 por cumplir con las pautas y est\u00e1ndares aceptados en materia de accesibilidad y usabilidad, no siempre es posible lograrlo en todas las \u00e1reas del sitio web.<\/p>\n<p>Buscamos continuamente soluciones que eleven todas las \u00e1reas del sitio al mismo nivel de accesibilidad web general. Mientras tanto, si experimenta alguna dificultad para acceder al sitio web Motorcyclesafetylawyers.com, por favor no dude en contactarnos en <a href=\"tel:\/\/8885009000\">(888) 500-9000<\/a> o correo electr\u00f3nico <a href=\"mailto:in**@*********al.com\" data-original-string=\"fntkm4LXJriYxP7K1S01vw==223lyeZ8pBaBy90s7azCCLNhO6laDk0Ejy7nJ5E4VDalLw=\" title=\"Este contacto ha sido codificado por Anti-Spam by CleanTalk. Haz clic para decodificar. Para finalizar la decodificaci\u00f3n, aseg\u00farate de que JavaScript est\u00e1 activado en tu navegador.\"><span \n                data-original-string='\/DZtxMNgHS+i+\/3MFv4lNQ==223cvVhAq+5JPzgPVDz9H5ci\/EjyLbkpjleHgpBkk\/islA='\n                class='apbct-email-encoder'\n                title='Este contacto ha sido codificado por Anti-Spam by CleanTalk. Haz clic para decodificar. Para finalizar la decodificaci\u00f3n, aseg\u00farate de que JavaScript est\u00e1 activado en tu navegador.'>in<span class=\"apbct-blur\">**<\/span>@<span class=\"apbct-blur\">*********<\/span>al.com<\/span><\/a> 8:00 a. m. &#8211; 5:00 p. m., de lunes a viernes.<\/p>\n","protected":false},"excerpt":{"rendered":"<p>Declaraci\u00f3n de accesibilidad Motorcycle Safety Lawyers\u00ae, una divisi\u00f3n de Shuman Legal \u2014motorcycledev.wpengine.com\u2014 se compromete a ofrecer un sitio web accesible para la audiencia m\u00e1s amplia posible, independientemente de la tecnolog\u00eda o de las capacidades de los usuarios. Trabajamos activamente con una empresa de desarrollo web para mejorar la accesibilidad y la usabilidad de nuestro sitio, [&hellip;]<\/p>\n","protected":false},"author":8,"featured_media":0,"parent":0,"menu_order":0,"comment_status":"closed","ping_status":"closed","template":"","meta":{"_acf_changed":false,"give_campaign_id":0,"footnotes":""},"class_list":["post-5498","page","type-page","status-publish","hentry"],"acf":[],"yoast_head":"<!-- This site is optimized with the Yoast SEO plugin v27.4 - https:\/\/yoast.com\/product\/yoast-seo-wordpress\/ -->\n<title>Declaraci\u00f3n de accesibilidad - Motorcycle Safety Lawyers<\/title>\n<meta name=\"description\" content=\"Nuestro sitio web es accesible para las personas con discapacidad, y nos esforzamos por ofrecerles nuestros mejores servicios.\" \/>\n<meta name=\"robots\" content=\"index, follow, max-snippet:-1, max-image-preview:large, max-video-preview:-1\" \/>\n<link rel=\"canonical\" href=\"https:\/\/motorcyclesafetylawyers.com\/es\/declaracion-de-accesibilidad\/\" \/>\n<meta property=\"og:locale\" content=\"es_ES\" \/>\n<meta property=\"og:type\" content=\"article\" \/>\n<meta property=\"og:title\" content=\"Declaraci\u00f3n de accesibilidad - Motorcycle Safety Lawyers\" \/>\n<meta property=\"og:description\" content=\"Nuestro sitio web es accesible para las personas con discapacidad, y nos esforzamos por ofrecerles nuestros mejores servicios.\" \/>\n<meta property=\"og:url\" content=\"https:\/\/motorcyclesafetylawyers.com\/es\/declaracion-de-accesibilidad\/\" \/>\n<meta property=\"og:site_name\" content=\"Motorcycle Safety Lawyers\" \/>\n<meta property=\"article:publisher\" content=\"https:\/\/www.facebook.com\/motorcyclesafetylawyers\" \/>\n<meta property=\"article:modified_time\" content=\"2026-04-17T17:10:07+00:00\" \/>\n<meta property=\"og:image\" content=\"https:\/\/motorcyclesafetylawyers.com\/wp-content\/uploads\/2023\/02\/msl-logo.png\" \/>\n\t<meta property=\"og:image:width\" content=\"490\" \/>\n\t<meta property=\"og:image:height\" content=\"354\" \/>\n\t<meta property=\"og:image:type\" content=\"image\/png\" \/>\n<meta name=\"twitter:card\" content=\"summary_large_image\" \/>\n<script type=\"application\/ld+json\" class=\"yoast-schema-graph\">{\"@context\":\"https:\\\/\\\/schema.org\",\"@graph\":[{\"@type\":\"WebPage\",\"@id\":\"https:\\\/\\\/motorcyclesafetylawyers.com\\\/es\\\/declaracion-de-accesibilidad\\\/\",\"url\":\"https:\\\/\\\/motorcyclesafetylawyers.com\\\/es\\\/declaracion-de-accesibilidad\\\/\",\"name\":\"Declaraci\u00f3n de accesibilidad - Motorcycle Safety Lawyers\",\"isPartOf\":{\"@id\":\"https:\\\/\\\/motorcyclesafetylawyers.com\\\/es\\\/#website\"},\"datePublished\":\"2026-04-16T15:47:05+00:00\",\"dateModified\":\"2026-04-17T17:10:07+00:00\",\"description\":\"Nuestro sitio web es accesible para las personas con discapacidad, y nos esforzamos por ofrecerles nuestros mejores servicios.\",\"breadcrumb\":{\"@id\":\"https:\\\/\\\/motorcyclesafetylawyers.com\\\/es\\\/declaracion-de-accesibilidad\\\/#breadcrumb\"},\"inLanguage\":\"es\",\"potentialAction\":[{\"@type\":\"ReadAction\",\"target\":[\"https:\\\/\\\/motorcyclesafetylawyers.com\\\/es\\\/declaracion-de-accesibilidad\\\/\"]}]},{\"@type\":\"BreadcrumbList\",\"@id\":\"https:\\\/\\\/motorcyclesafetylawyers.com\\\/es\\\/declaracion-de-accesibilidad\\\/#breadcrumb\",\"itemListElement\":[{\"@type\":\"ListItem\",\"position\":1,\"name\":\"Home\",\"item\":\"https:\\\/\\\/motorcyclesafetylawyers.com\\\/es\\\/\"},{\"@type\":\"ListItem\",\"position\":2,\"name\":\"Declaraci\u00f3n de accesibilidad\"}]},{\"@type\":\"WebSite\",\"@id\":\"https:\\\/\\\/motorcyclesafetylawyers.com\\\/es\\\/#website\",\"url\":\"https:\\\/\\\/motorcyclesafetylawyers.com\\\/es\\\/\",\"name\":\"Motorcycle Safety Lawyers\",\"description\":\"Helping Injured Bikers\u2122 For Over 35 Years\",\"publisher\":{\"@id\":\"https:\\\/\\\/motorcyclesafetylawyers.com\\\/es\\\/#organization\"},\"potentialAction\":[{\"@type\":\"SearchAction\",\"target\":{\"@type\":\"EntryPoint\",\"urlTemplate\":\"https:\\\/\\\/motorcyclesafetylawyers.com\\\/es\\\/?s={search_term_string}\"},\"query-input\":{\"@type\":\"PropertyValueSpecification\",\"valueRequired\":true,\"valueName\":\"search_term_string\"}}],\"inLanguage\":\"es\"},{\"@type\":\"Organization\",\"@id\":\"https:\\\/\\\/motorcyclesafetylawyers.com\\\/es\\\/#organization\",\"name\":\"Illinois Motorcycle Lawyers\",\"url\":\"https:\\\/\\\/motorcyclesafetylawyers.com\\\/es\\\/\",\"logo\":{\"@type\":\"ImageObject\",\"inLanguage\":\"es\",\"@id\":\"https:\\\/\\\/motorcyclesafetylawyers.com\\\/es\\\/#\\\/schema\\\/logo\\\/image\\\/\",\"url\":\"https:\\\/\\\/motorcyclesafetylawyers.com\\\/wp-content\\\/uploads\\\/2022\\\/02\\\/motorcycle-safety-lawyers-logo-white.png\",\"contentUrl\":\"https:\\\/\\\/motorcyclesafetylawyers.com\\\/wp-content\\\/uploads\\\/2022\\\/02\\\/motorcycle-safety-lawyers-logo-white.png\",\"width\":482,\"height\":348,\"caption\":\"Illinois Motorcycle Lawyers\"},\"image\":{\"@id\":\"https:\\\/\\\/motorcyclesafetylawyers.com\\\/es\\\/#\\\/schema\\\/logo\\\/image\\\/\"},\"sameAs\":[\"https:\\\/\\\/www.facebook.com\\\/motorcyclesafetylawyers\",\"https:\\\/\\\/www.instagram.com\\\/motorcyclesafetylawyers\\\/\",\"https:\\\/\\\/www.youtube.com\\\/channel\\\/UCEGzDpXoyXOCCSFA4iIPlPw\"]}]}<\/script>\n<!-- \/ Yoast SEO plugin. -->","yoast_head_json":{"title":"Declaraci\u00f3n de accesibilidad - Motorcycle Safety Lawyers","description":"Nuestro sitio web es accesible para las personas con discapacidad, y nos esforzamos por ofrecerles nuestros mejores servicios.","robots":{"index":"index","follow":"follow","max-snippet":"max-snippet:-1","max-image-preview":"max-image-preview:large","max-video-preview":"max-video-preview:-1"},"canonical":"https:\/\/motorcyclesafetylawyers.com\/es\/declaracion-de-accesibilidad\/","og_locale":"es_ES","og_type":"article","og_title":"Declaraci\u00f3n de accesibilidad - Motorcycle Safety Lawyers","og_description":"Nuestro sitio web es accesible para las personas con discapacidad, y nos esforzamos por ofrecerles nuestros mejores servicios.","og_url":"https:\/\/motorcyclesafetylawyers.com\/es\/declaracion-de-accesibilidad\/","og_site_name":"Motorcycle Safety Lawyers","article_publisher":"https:\/\/www.facebook.com\/motorcyclesafetylawyers","article_modified_time":"2026-04-17T17:10:07+00:00","og_image":[{"width":490,"height":354,"url":"https:\/\/motorcyclesafetylawyers.com\/wp-content\/uploads\/2023\/02\/msl-logo.png","type":"image\/png"}],"twitter_card":"summary_large_image","schema":{"@context":"https:\/\/schema.org","@graph":[{"@type":"WebPage","@id":"https:\/\/motorcyclesafetylawyers.com\/es\/declaracion-de-accesibilidad\/","url":"https:\/\/motorcyclesafetylawyers.com\/es\/declaracion-de-accesibilidad\/","name":"Declaraci\u00f3n de accesibilidad - Motorcycle Safety Lawyers","isPartOf":{"@id":"https:\/\/motorcyclesafetylawyers.com\/es\/#website"},"datePublished":"2026-04-16T15:47:05+00:00","dateModified":"2026-04-17T17:10:07+00:00","description":"Nuestro sitio web es accesible para las personas con discapacidad, y nos esforzamos por ofrecerles nuestros mejores servicios.","breadcrumb":{"@id":"https:\/\/motorcyclesafetylawyers.com\/es\/declaracion-de-accesibilidad\/#breadcrumb"},"inLanguage":"es","potentialAction":[{"@type":"ReadAction","target":["https:\/\/motorcyclesafetylawyers.com\/es\/declaracion-de-accesibilidad\/"]}]},{"@type":"BreadcrumbList","@id":"https:\/\/motorcyclesafetylawyers.com\/es\/declaracion-de-accesibilidad\/#breadcrumb","itemListElement":[{"@type":"ListItem","position":1,"name":"Home","item":"https:\/\/motorcyclesafetylawyers.com\/es\/"},{"@type":"ListItem","position":2,"name":"Declaraci\u00f3n de accesibilidad"}]},{"@type":"WebSite","@id":"https:\/\/motorcyclesafetylawyers.com\/es\/#website","url":"https:\/\/motorcyclesafetylawyers.com\/es\/","name":"Motorcycle Safety Lawyers","description":"Helping Injured Bikers\u2122 For Over 35 Years","publisher":{"@id":"https:\/\/motorcyclesafetylawyers.com\/es\/#organization"},"potentialAction":[{"@type":"SearchAction","target":{"@type":"EntryPoint","urlTemplate":"https:\/\/motorcyclesafetylawyers.com\/es\/?s={search_term_string}"},"query-input":{"@type":"PropertyValueSpecification","valueRequired":true,"valueName":"search_term_string"}}],"inLanguage":"es"},{"@type":"Organization","@id":"https:\/\/motorcyclesafetylawyers.com\/es\/#organization","name":"Illinois Motorcycle Lawyers","url":"https:\/\/motorcyclesafetylawyers.com\/es\/","logo":{"@type":"ImageObject","inLanguage":"es","@id":"https:\/\/motorcyclesafetylawyers.com\/es\/#\/schema\/logo\/image\/","url":"https:\/\/motorcyclesafetylawyers.com\/wp-content\/uploads\/2022\/02\/motorcycle-safety-lawyers-logo-white.png","contentUrl":"https:\/\/motorcyclesafetylawyers.com\/wp-content\/uploads\/2022\/02\/motorcycle-safety-lawyers-logo-white.png","width":482,"height":348,"caption":"Illinois Motorcycle Lawyers"},"image":{"@id":"https:\/\/motorcyclesafetylawyers.com\/es\/#\/schema\/logo\/image\/"},"sameAs":["https:\/\/www.facebook.com\/motorcyclesafetylawyers","https:\/\/www.instagram.com\/motorcyclesafetylawyers\/","https:\/\/www.youtube.com\/channel\/UCEGzDpXoyXOCCSFA4iIPlPw"]}]}},"campaignId":"","_links":{"self":[{"href":"https:\/\/motorcyclesafetylawyers.com\/es\/wp-json\/wp\/v2\/pages\/5498","targetHints":{"allow":["GET"]}}],"collection":[{"href":"https:\/\/motorcyclesafetylawyers.com\/es\/wp-json\/wp\/v2\/pages"}],"about":[{"href":"https:\/\/motorcyclesafetylawyers.com\/es\/wp-json\/wp\/v2\/types\/page"}],"author":[{"embeddable":true,"href":"https:\/\/motorcyclesafetylawyers.com\/es\/wp-json\/wp\/v2\/users\/8"}],"replies":[{"embeddable":true,"href":"https:\/\/motorcyclesafetylawyers.com\/es\/wp-json\/wp\/v2\/comments?post=5498"}],"version-history":[{"count":2,"href":"https:\/\/motorcyclesafetylawyers.com\/es\/wp-json\/wp\/v2\/pages\/5498\/revisions"}],"predecessor-version":[{"id":5503,"href":"https:\/\/motorcyclesafetylawyers.com\/es\/wp-json\/wp\/v2\/pages\/5498\/revisions\/5503"}],"wp:attachment":[{"href":"https:\/\/motorcyclesafetylawyers.com\/es\/wp-json\/wp\/v2\/media?parent=5498"}],"curies":[{"name":"wp","href":"https:\/\/api.w.org\/{rel}","templated":true}]}}