{"id":5506,"date":"2026-04-17T19:04:55","date_gmt":"2026-04-17T19:04:55","guid":{"rendered":"https:\/\/motorcyclesafetylawyers.com\/condiciones-generales\/"},"modified":"2026-04-17T19:04:55","modified_gmt":"2026-04-17T19:04:55","slug":"condiciones-generales","status":"publish","type":"page","link":"https:\/\/motorcyclesafetylawyers.com\/es\/condiciones-generales\/","title":{"rendered":"Condiciones generales"},"content":{"rendered":"<p>Al enviar tu solicitud a trav\u00e9s de nuestros formularios online o del chat, concedes permiso a Motorcycle Safety Lawyers\u00ae o a cualquiera de nuestros afiliados, agentes, gestores de casos, asistentes jur\u00eddicos y\/o abogados para ponerse en contacto contigo por tel\u00e9fono, mensajes de texto, sistema de marcaci\u00f3n telef\u00f3nica autom\u00e1tica y\/o un sistema de marcaci\u00f3n telef\u00f3nica que utilice mensajes de voz artificiales o pregrabados, y\/o correo electr\u00f3nico utilizando el n\u00famero de tel\u00e9fono o la direcci\u00f3n de correo electr\u00f3nico que nos has proporcionado para que podamos ayudarte con tu solicitud de evaluaci\u00f3n gratuita de tu caso y das tu consentimiento para que utilicemos un sistema de marcaci\u00f3n telef\u00f3nica autom\u00e1tica, incluso si el n\u00famero que nos proporcionas es una l\u00ednea inal\u00e1mbrica. Ser contactado no es una condici\u00f3n para la compra o aceptaci\u00f3n de servicios de ning\u00fan tipo. Ten en cuenta que no existe relaci\u00f3n cliente-abogado hasta que t\u00fa y nuestro bufete hay\u00e1is firmado un acuerdo.  <\/p>\n","protected":false},"excerpt":{"rendered":"<p>Al enviar tu solicitud a trav\u00e9s de nuestros formularios online o del chat, concedes permiso a Motorcycle Safety Lawyers\u00ae o a cualquiera de nuestros afiliados, agentes, gestores de casos, asistentes jur\u00eddicos y\/o abogados para ponerse en contacto contigo por tel\u00e9fono, mensajes de texto, sistema de marcaci\u00f3n telef\u00f3nica autom\u00e1tica y\/o un sistema de marcaci\u00f3n telef\u00f3nica que [&hellip;]<\/p>\n","protected":false},"author":10,"featured_media":0,"parent":0,"menu_order":0,"comment_status":"closed","ping_status":"closed","template":"","meta":{"_acf_changed":false,"give_campaign_id":0,"footnotes":""},"class_list":["post-5506","page","type-page","status-publish","hentry"],"acf":[],"yoast_head":"<!-- This site is optimized with the Yoast SEO plugin v27.4 - https:\/\/yoast.com\/product\/yoast-seo-wordpress\/ -->\n<title>T\u00e9rminos y Condiciones - Motorcycle Safety Lawyers<\/title>\n<meta name=\"description\" content=\"Este sitio web o los servicios disponibles en \u00e9l est\u00e1n sujetos a los siguientes T\u00e9rminos y Condiciones. Por favor, l\u00e9elas atentamente.\" \/>\n<meta name=\"robots\" content=\"index, follow, max-snippet:-1, max-image-preview:large, max-video-preview:-1\" \/>\n<link rel=\"canonical\" href=\"https:\/\/motorcyclesafetylawyers.com\/es\/condiciones-generales\/\" \/>\n<meta property=\"og:locale\" content=\"es_ES\" \/>\n<meta property=\"og:type\" content=\"article\" \/>\n<meta property=\"og:title\" content=\"T\u00e9rminos y Condiciones - Motorcycle Safety Lawyers\" \/>\n<meta property=\"og:description\" content=\"Este sitio web o los servicios disponibles en \u00e9l est\u00e1n sujetos a los siguientes T\u00e9rminos y Condiciones. Por favor, l\u00e9elas atentamente.\" \/>\n<meta property=\"og:url\" content=\"https:\/\/motorcyclesafetylawyers.com\/es\/condiciones-generales\/\" \/>\n<meta property=\"og:site_name\" content=\"Motorcycle Safety Lawyers\" \/>\n<meta property=\"article:publisher\" content=\"https:\/\/www.facebook.com\/motorcyclesafetylawyers\" \/>\n<meta property=\"og:image\" content=\"https:\/\/motorcyclesafetylawyers.com\/wp-content\/uploads\/2023\/02\/msl-logo.png\" \/>\n\t<meta property=\"og:image:width\" content=\"490\" \/>\n\t<meta property=\"og:image:height\" content=\"354\" \/>\n\t<meta property=\"og:image:type\" content=\"image\/png\" \/>\n<meta name=\"twitter:card\" content=\"summary_large_image\" \/>\n<meta name=\"twitter:label1\" content=\"Tiempo de lectura\" \/>\n\t<meta name=\"twitter:data1\" content=\"1 minuto\" \/>\n<script type=\"application\/ld+json\" class=\"yoast-schema-graph\">{\"@context\":\"https:\\\/\\\/schema.org\",\"@graph\":[{\"@type\":\"WebPage\",\"@id\":\"https:\\\/\\\/motorcyclesafetylawyers.com\\\/es\\\/condiciones-generales\\\/\",\"url\":\"https:\\\/\\\/motorcyclesafetylawyers.com\\\/es\\\/condiciones-generales\\\/\",\"name\":\"T\u00e9rminos y Condiciones - Motorcycle Safety Lawyers\",\"isPartOf\":{\"@id\":\"https:\\\/\\\/motorcyclesafetylawyers.com\\\/es\\\/#website\"},\"datePublished\":\"2026-04-17T19:04:55+00:00\",\"description\":\"Este sitio web o los servicios disponibles en \u00e9l est\u00e1n sujetos a los siguientes T\u00e9rminos y Condiciones. Por favor, l\u00e9elas atentamente.\",\"breadcrumb\":{\"@id\":\"https:\\\/\\\/motorcyclesafetylawyers.com\\\/es\\\/condiciones-generales\\\/#breadcrumb\"},\"inLanguage\":\"es\",\"potentialAction\":[{\"@type\":\"ReadAction\",\"target\":[\"https:\\\/\\\/motorcyclesafetylawyers.com\\\/es\\\/condiciones-generales\\\/\"]}]},{\"@type\":\"BreadcrumbList\",\"@id\":\"https:\\\/\\\/motorcyclesafetylawyers.com\\\/es\\\/condiciones-generales\\\/#breadcrumb\",\"itemListElement\":[{\"@type\":\"ListItem\",\"position\":1,\"name\":\"Home\",\"item\":\"https:\\\/\\\/motorcyclesafetylawyers.com\\\/es\\\/\"},{\"@type\":\"ListItem\",\"position\":2,\"name\":\"Condiciones generales\"}]},{\"@type\":\"WebSite\",\"@id\":\"https:\\\/\\\/motorcyclesafetylawyers.com\\\/es\\\/#website\",\"url\":\"https:\\\/\\\/motorcyclesafetylawyers.com\\\/es\\\/\",\"name\":\"Motorcycle Safety Lawyers\",\"description\":\"Helping Injured Bikers\u2122 For Over 35 Years\",\"publisher\":{\"@id\":\"https:\\\/\\\/motorcyclesafetylawyers.com\\\/es\\\/#organization\"},\"potentialAction\":[{\"@type\":\"SearchAction\",\"target\":{\"@type\":\"EntryPoint\",\"urlTemplate\":\"https:\\\/\\\/motorcyclesafetylawyers.com\\\/es\\\/?s={search_term_string}\"},\"query-input\":{\"@type\":\"PropertyValueSpecification\",\"valueRequired\":true,\"valueName\":\"search_term_string\"}}],\"inLanguage\":\"es\"},{\"@type\":\"Organization\",\"@id\":\"https:\\\/\\\/motorcyclesafetylawyers.com\\\/es\\\/#organization\",\"name\":\"Illinois Motorcycle Lawyers\",\"url\":\"https:\\\/\\\/motorcyclesafetylawyers.com\\\/es\\\/\",\"logo\":{\"@type\":\"ImageObject\",\"inLanguage\":\"es\",\"@id\":\"https:\\\/\\\/motorcyclesafetylawyers.com\\\/es\\\/#\\\/schema\\\/logo\\\/image\\\/\",\"url\":\"https:\\\/\\\/motorcyclesafetylawyers.com\\\/wp-content\\\/uploads\\\/2022\\\/02\\\/motorcycle-safety-lawyers-logo-white.png\",\"contentUrl\":\"https:\\\/\\\/motorcyclesafetylawyers.com\\\/wp-content\\\/uploads\\\/2022\\\/02\\\/motorcycle-safety-lawyers-logo-white.png\",\"width\":482,\"height\":348,\"caption\":\"Illinois Motorcycle Lawyers\"},\"image\":{\"@id\":\"https:\\\/\\\/motorcyclesafetylawyers.com\\\/es\\\/#\\\/schema\\\/logo\\\/image\\\/\"},\"sameAs\":[\"https:\\\/\\\/www.facebook.com\\\/motorcyclesafetylawyers\",\"https:\\\/\\\/www.instagram.com\\\/motorcyclesafetylawyers\\\/\",\"https:\\\/\\\/www.youtube.com\\\/channel\\\/UCEGzDpXoyXOCCSFA4iIPlPw\"]}]}<\/script>\n<!-- \/ Yoast SEO plugin. -->","yoast_head_json":{"title":"T\u00e9rminos y Condiciones - Motorcycle Safety Lawyers","description":"Este sitio web o los servicios disponibles en \u00e9l est\u00e1n sujetos a los siguientes T\u00e9rminos y Condiciones. Por favor, l\u00e9elas atentamente.","robots":{"index":"index","follow":"follow","max-snippet":"max-snippet:-1","max-image-preview":"max-image-preview:large","max-video-preview":"max-video-preview:-1"},"canonical":"https:\/\/motorcyclesafetylawyers.com\/es\/condiciones-generales\/","og_locale":"es_ES","og_type":"article","og_title":"T\u00e9rminos y Condiciones - Motorcycle Safety Lawyers","og_description":"Este sitio web o los servicios disponibles en \u00e9l est\u00e1n sujetos a los siguientes T\u00e9rminos y Condiciones. Por favor, l\u00e9elas atentamente.","og_url":"https:\/\/motorcyclesafetylawyers.com\/es\/condiciones-generales\/","og_site_name":"Motorcycle Safety Lawyers","article_publisher":"https:\/\/www.facebook.com\/motorcyclesafetylawyers","og_image":[{"width":490,"height":354,"url":"https:\/\/motorcyclesafetylawyers.com\/wp-content\/uploads\/2023\/02\/msl-logo.png","type":"image\/png"}],"twitter_card":"summary_large_image","twitter_misc":{"Tiempo de lectura":"1 minuto"},"schema":{"@context":"https:\/\/schema.org","@graph":[{"@type":"WebPage","@id":"https:\/\/motorcyclesafetylawyers.com\/es\/condiciones-generales\/","url":"https:\/\/motorcyclesafetylawyers.com\/es\/condiciones-generales\/","name":"T\u00e9rminos y Condiciones - Motorcycle Safety Lawyers","isPartOf":{"@id":"https:\/\/motorcyclesafetylawyers.com\/es\/#website"},"datePublished":"2026-04-17T19:04:55+00:00","description":"Este sitio web o los servicios disponibles en \u00e9l est\u00e1n sujetos a los siguientes T\u00e9rminos y Condiciones. Por favor, l\u00e9elas atentamente.","breadcrumb":{"@id":"https:\/\/motorcyclesafetylawyers.com\/es\/condiciones-generales\/#breadcrumb"},"inLanguage":"es","potentialAction":[{"@type":"ReadAction","target":["https:\/\/motorcyclesafetylawyers.com\/es\/condiciones-generales\/"]}]},{"@type":"BreadcrumbList","@id":"https:\/\/motorcyclesafetylawyers.com\/es\/condiciones-generales\/#breadcrumb","itemListElement":[{"@type":"ListItem","position":1,"name":"Home","item":"https:\/\/motorcyclesafetylawyers.com\/es\/"},{"@type":"ListItem","position":2,"name":"Condiciones generales"}]},{"@type":"WebSite","@id":"https:\/\/motorcyclesafetylawyers.com\/es\/#website","url":"https:\/\/motorcyclesafetylawyers.com\/es\/","name":"Motorcycle Safety Lawyers","description":"Helping Injured Bikers\u2122 For Over 35 Years","publisher":{"@id":"https:\/\/motorcyclesafetylawyers.com\/es\/#organization"},"potentialAction":[{"@type":"SearchAction","target":{"@type":"EntryPoint","urlTemplate":"https:\/\/motorcyclesafetylawyers.com\/es\/?s={search_term_string}"},"query-input":{"@type":"PropertyValueSpecification","valueRequired":true,"valueName":"search_term_string"}}],"inLanguage":"es"},{"@type":"Organization","@id":"https:\/\/motorcyclesafetylawyers.com\/es\/#organization","name":"Illinois Motorcycle Lawyers","url":"https:\/\/motorcyclesafetylawyers.com\/es\/","logo":{"@type":"ImageObject","inLanguage":"es","@id":"https:\/\/motorcyclesafetylawyers.com\/es\/#\/schema\/logo\/image\/","url":"https:\/\/motorcyclesafetylawyers.com\/wp-content\/uploads\/2022\/02\/motorcycle-safety-lawyers-logo-white.png","contentUrl":"https:\/\/motorcyclesafetylawyers.com\/wp-content\/uploads\/2022\/02\/motorcycle-safety-lawyers-logo-white.png","width":482,"height":348,"caption":"Illinois Motorcycle Lawyers"},"image":{"@id":"https:\/\/motorcyclesafetylawyers.com\/es\/#\/schema\/logo\/image\/"},"sameAs":["https:\/\/www.facebook.com\/motorcyclesafetylawyers","https:\/\/www.instagram.com\/motorcyclesafetylawyers\/","https:\/\/www.youtube.com\/channel\/UCEGzDpXoyXOCCSFA4iIPlPw"]}]}},"campaignId":"","_links":{"self":[{"href":"https:\/\/motorcyclesafetylawyers.com\/es\/wp-json\/wp\/v2\/pages\/5506","targetHints":{"allow":["GET"]}}],"collection":[{"href":"https:\/\/motorcyclesafetylawyers.com\/es\/wp-json\/wp\/v2\/pages"}],"about":[{"href":"https:\/\/motorcyclesafetylawyers.com\/es\/wp-json\/wp\/v2\/types\/page"}],"author":[{"embeddable":true,"href":"https:\/\/motorcyclesafetylawyers.com\/es\/wp-json\/wp\/v2\/users\/10"}],"replies":[{"embeddable":true,"href":"https:\/\/motorcyclesafetylawyers.com\/es\/wp-json\/wp\/v2\/comments?post=5506"}],"version-history":[{"count":0,"href":"https:\/\/motorcyclesafetylawyers.com\/es\/wp-json\/wp\/v2\/pages\/5506\/revisions"}],"wp:attachment":[{"href":"https:\/\/motorcyclesafetylawyers.com\/es\/wp-json\/wp\/v2\/media?parent=5506"}],"curies":[{"name":"wp","href":"https:\/\/api.w.org\/{rel}","templated":true}]}}