{"id":5507,"date":"2026-04-17T20:15:07","date_gmt":"2026-04-17T20:15:07","guid":{"rendered":"https:\/\/motorcyclesafetylawyers.com\/?page_id=5507"},"modified":"2026-04-17T20:15:07","modified_gmt":"2026-04-17T20:15:07","slug":"informacion-del-contacto","status":"publish","type":"page","link":"https:\/\/motorcyclesafetylawyers.com\/es\/informacion-del-contacto\/","title":{"rendered":"Informaci\u00f3n del contacto"},"content":{"rendered":"<h1>Informaci\u00f3n del contacto<\/h1>\n<p><strong>Tel\u00e9fono principal:<\/strong>\u00a0<a href=\"tel:+18885009000\">(888) 500-9000<\/a><br \/>\n<strong>Equipo de Admisi\u00f3n:<\/strong>\u00a0<a href=\"tel:+18669254744\">(866) 925-4744<\/a><\/p>\n<p><strong>Direcci\u00f3n de la oficina principal:<\/strong><br \/>\n<a id=\"lnkContactPageAddress\" href=\"https:\/\/goo.gl\/maps\/dcXXMWzvJgYSMfpk6\">105 West Adams Street, 28th Floor, Chicago, IL 60603<\/a><\/p>\n<p><iframe src=\"https:\/\/www.google.com\/maps\/embed?pb=!1m18!1m12!1m3!1d2970.637365252977!2d-87.63106800000001!3d41.879148!2m3!1f0!2f0!3f0!3m2!1i1024!2i768!4f13.1!3m3!1m2!1s0x880e2d8a3da258d3%3A0x77fc5d9c8f96330f!2sMotorcycle%20Safety%20Lawyers!5e0!3m2!1sen!2sus!4v1746826161244!5m2!1sen!2sus\" width=\"600\" height=\"450\" style=\"border:0;\" allowfullscreen=\"\" loading=\"lazy\" referrerpolicy=\"no-referrer-when-downgrade\"><\/iframe><\/p>\n<div id=\"contact-color-exception\">\n<script type=\"text\/javascript\">\n\/* <![CDATA[ *\/\nvar gform;gform||(document.addEventListener(\"gform_main_scripts_loaded\",function(){gform.scriptsLoaded=!0}),document.addEventListener(\"gform\/theme\/scripts_loaded\",function(){gform.themeScriptsLoaded=!0}),window.addEventListener(\"DOMContentLoaded\",function(){gform.domLoaded=!0}),gform={domLoaded:!1,scriptsLoaded:!1,themeScriptsLoaded:!1,isFormEditor:()=>\"function\"==typeof InitializeEditor,callIfLoaded:function(o){return!(!gform.domLoaded||!gform.scriptsLoaded||!gform.themeScriptsLoaded&&!gform.isFormEditor()||(gform.isFormEditor()&&console.warn(\"The use of gform.initializeOnLoaded() is deprecated in the form editor context and will be removed in Gravity Forms 3.1.\"),o(),0))},initializeOnLoaded:function(o){gform.callIfLoaded(o)||(document.addEventListener(\"gform_main_scripts_loaded\",()=>{gform.scriptsLoaded=!0,gform.callIfLoaded(o)}),document.addEventListener(\"gform\/theme\/scripts_loaded\",()=>{gform.themeScriptsLoaded=!0,gform.callIfLoaded(o)}),window.addEventListener(\"DOMContentLoaded\",()=>{gform.domLoaded=!0,gform.callIfLoaded(o)}))},hooks:{action:{},filter:{}},addAction:function(o,r,e,t){gform.addHook(\"action\",o,r,e,t)},addFilter:function(o,r,e,t){gform.addHook(\"filter\",o,r,e,t)},doAction:function(o){gform.doHook(\"action\",o,arguments)},applyFilters:function(o){return gform.doHook(\"filter\",o,arguments)},removeAction:function(o,r){gform.removeHook(\"action\",o,r)},removeFilter:function(o,r,e){gform.removeHook(\"filter\",o,r,e)},addHook:function(o,r,e,t,n){null==gform.hooks[o][r]&&(gform.hooks[o][r]=[]);var d=gform.hooks[o][r];null==n&&(n=r+\"_\"+d.length),gform.hooks[o][r].push({tag:n,callable:e,priority:t=null==t?10:t})},doHook:function(r,o,e){var t;if(e=Array.prototype.slice.call(e,1),null!=gform.hooks[r][o]&&((o=gform.hooks[r][o]).sort(function(o,r){return o.priority-r.priority}),o.forEach(function(o){\"function\"!=typeof(t=o.callable)&&(t=window[t]),\"action\"==r?t.apply(null,e):e[0]=t.apply(null,e)})),\"filter\"==r)return e[0]},removeHook:function(o,r,t,n){var e;null!=gform.hooks[o][r]&&(e=(e=gform.hooks[o][r]).filter(function(o,r,e){return!!(null!=n&&n!=o.tag||null!=t&&t!=o.priority)}),gform.hooks[o][r]=e)}});\n\/* ]]> *\/\n<\/script>\n\n                <div class='gf_browser_gecko gform_wrapper gravity-theme gform-theme--no-framework' data-form-theme='gravity-theme' data-form-index='0' id='gform_wrapper_6' ><div id='gf_6' class='gform_anchor' tabindex='-1'><\/div>\n                        <div class='gform_heading'>\n                            <p class='gform_description'><\/p>\n\t\t\t\t\t\t\t<p class='gform_required_legend'>&quot;<span class=\"gfield_required gfield_required_asterisk\">*<\/span>&quot; se\u00f1ala los campos obligatorios<\/p>\n                        <\/div><form method='post' enctype='multipart\/form-data' target='gform_ajax_frame_6' id='gform_6'  action='\/es\/wp-json\/wp\/v2\/pages\/5507#gf_6' data-formid='6' novalidate>\n                        <div class='gform-body gform_body'><div id='gform_fields_6' class='gform_fields top_label form_sublabel_below description_below validation_below'><div id=\"field_6_3\" class=\"gfield gfield--type-text gfield--input-type-text gfield_contains_required field_sublabel_below gfield--no-description field_description_below field_validation_below gfield_visibility_visible\"  ><label class='gfield_label gform-field-label' for='input_6_3'>Su nombre completo:<span class=\"gfield_required\"><span class=\"gfield_required gfield_required_asterisk\">*<\/span><\/span><\/label><div class='ginput_container ginput_container_text'><input name='input_3' id='input_6_3' type='text' value='' class='large'     aria-required=\"true\" aria-invalid=\"false\"   \/><\/div><\/div><div id=\"field_6_5\" class=\"gfield gfield--type-text gfield--input-type-text gfield--width-full gfield_contains_required field_sublabel_below gfield--no-description field_description_below field_validation_below gfield_visibility_visible\"  ><label class='gfield_label gform-field-label' for='input_6_5'>Su direcci\u00f3n de correo electr\u00f3nico:<span class=\"gfield_required\"><span class=\"gfield_required gfield_required_asterisk\">*<\/span><\/span><\/label><div class='ginput_container ginput_container_text'><input name='input_5' id='input_6_5' type='text' value='' class='large'     aria-required=\"true\" aria-invalid=\"false\"   \/><\/div><\/div><div id=\"field_6_6\" class=\"gfield gfield--type-text gfield--input-type-text gfield--width-full field_sublabel_below gfield--no-description field_description_below field_validation_below gfield_visibility_visible\"  ><label class='gfield_label gform-field-label' for='input_6_6'>Su n\u00famero de tel\u00e9fono:<\/label><div class='ginput_container ginput_container_text'><input name='input_6' id='input_6_6' type='text' value='' class='large'      aria-invalid=\"false\"   \/><\/div><\/div><div id=\"field_6_7\" class=\"gfield gfield--type-textarea gfield--input-type-textarea gfield--width-full field_sublabel_below gfield--no-description field_description_below field_validation_below gfield_visibility_visible\"  ><label class='gfield_label gform-field-label' for='input_6_7'>Comparte algunos detalles con nosotros:<\/label><div class='ginput_container ginput_container_textarea'><textarea name='input_7' id='input_6_7' class='textarea large'   maxlength='1000'   aria-invalid=\"false\"   rows='10' cols='50'><\/textarea><\/div><\/div><fieldset id=\"field_6_8\" class=\"gfield gfield--type-checkbox gfield--type-choice gfield--input-type-checkbox gfield--width-full field_sublabel_below gfield--no-description field_description_below field_validation_below gfield_visibility_visible\"  ><legend class='gfield_label gform-field-label screen-reader-text gfield_label_before_complex' ><\/legend><div class='ginput_container ginput_container_checkbox'><div class='gfield_checkbox ' id='input_6_8'><div class='gchoice gchoice_6_8_1'>\n\t\t\t\t\t\t\t\t<input class='gfield-choice-input' name='input_8.1' type='checkbox'  value='S\u00ed, tambi\u00e9n quiero unirme a la lista de correo.'  id='choice_6_8_1'   \/>\n\t\t\t\t\t\t\t\t<label for='choice_6_8_1' id='label_6_8_1' class='gform-field-label gform-field-label--type-inline'>S\u00ed, tambi\u00e9n quiero unirme a la lista de correo.<\/label>\n\t\t\t\t\t\t\t<\/div><\/div><\/div><\/fieldset><div id=\"field_6_9\" class=\"gfield gfield--type-text gfield--input-type-text gfield--width-full field_sublabel_below gfield--no-description field_description_below field_validation_below gfield_visibility_visible\"  ><label class='gfield_label gform-field-label' for='input_6_9'>HUMANOS: \u00bfQu\u00e9 tiene dos ruedas y ruge?<\/label><div class='ginput_container ginput_container_text'><input name='input_9' id='input_6_9' type='text' value='' class='large'      aria-invalid=\"false\"   \/><\/div><\/div><\/div><\/div>\n        <div class='gform-footer gform_footer top_label'> <input type='submit' id='gform_submit_button_6' class='gform_button button' onclick='gform.submission.handleButtonClick(this);' data-submission-type='submit' value='Enviar para revisi\u00f3n gratuita'  \/> <input type='hidden' name='gform_ajax' value='form_id=6&amp;title=&amp;description=1&amp;tabindex=0&amp;theme=gravity-theme&amp;styles=[]&amp;hash=df296269060efe6fff8959f51fc5c67c' \/>\n            <input type='hidden' class='gform_hidden' name='gform_submission_method' data-js='gform_submission_method_6' value='iframe' \/>\n            <input type='hidden' class='gform_hidden' name='gform_theme' data-js='gform_theme_6' id='gform_theme_6' value='gravity-theme' \/>\n            <input type='hidden' class='gform_hidden' name='gform_style_settings' data-js='gform_style_settings_6' id='gform_style_settings_6' value='[]' \/>\n            <input type='hidden' class='gform_hidden' name='is_submit_6' value='1' \/>\n            <input type='hidden' class='gform_hidden' name='gform_submit' value='6' \/>\n            \n            <input type='hidden' class='gform_hidden' name='gform_currency' data-currency='USD' value='T04uzHqZv5zUeIw5qXQlSs8s9Rg0aXGA1tRj36Cem4++cSzslYxaBaYV4HjO0Hho0j\/QsZ2t8KmLfpByY5WCKRN6LQviNDccaZvUML4D7iOgYYw=' \/>\n            <input type='hidden' class='gform_hidden' name='gform_unique_id' value='' \/>\n            <input type='hidden' class='gform_hidden' name='state_6' value='WyJ7XCI4LjFcIjpcIjhjMzVlMGQ4ZGU5ODJjYjVhZTU1ZDNhMWZlMTQ5YzM3XCJ9IiwiMmQxODZiMDgyN2I2YWViZDViYTMxODBmNGFjYzdmZGYiXQ==' \/>\n            <input type='hidden' autocomplete='off' class='gform_hidden' name='gform_target_page_number_6' id='gform_target_page_number_6' value='0' \/>\n            <input type='hidden' autocomplete='off' class='gform_hidden' name='gform_source_page_number_6' id='gform_source_page_number_6' value='1' \/>\n            <input type='hidden' name='gform_field_values' value='' \/>\n            \n        <\/div>\n                        <input type=\"hidden\" id=\"ct_checkjs_158f3069a435b314a80bdcb024f8e422\" name=\"ct_checkjs\" value=\"0\" \/><input\n                    class=\"apbct_special_field apbct_email_id__gravity_form\"\n                    name=\"apbct__email_id__gravity_form\"\n                    aria-label=\"apbct__label_id__gravity_form\"\n                    type=\"text\" size=\"30\" maxlength=\"200\" autocomplete=\"off\"\n                    value=\"\"\n                \/><p style=\"display: none !important;\" class=\"akismet-fields-container\" data-prefix=\"ak_\"><label>&#916;<textarea name=\"ak_hp_textarea\" cols=\"45\" rows=\"8\" maxlength=\"100\"><\/textarea><\/label><input type=\"hidden\" id=\"ak_js_1\" name=\"ak_js\" value=\"75\"\/><script type=\"text\/javascript\">\n\/* <![CDATA[ *\/\ndocument.getElementById( \"ak_js_1\" ).setAttribute( \"value\", ( new Date() ).getTime() );\n\/* ]]> *\/\n<\/script>\n<\/p><\/form>\n                        <\/div>\n\t\t                <iframe style='display:none;width:0px;height:0px;' src='about:blank' name='gform_ajax_frame_6' id='gform_ajax_frame_6' title='Este iframe contiene la l\u00f3gica necesaria para gestionar formularios con ajax activado.'><\/iframe>\n\t\t                <script type=\"text\/javascript\">\n\/* <![CDATA[ *\/\n gform.initializeOnLoaded( function() {gformInitSpinner( 6, 'https:\/\/motorcyclesafetylawyers.com\/wp-content\/plugins\/gravityforms\/images\/spinner.svg', true );jQuery('#gform_ajax_frame_6').on('load',function(){var contents = jQuery(this).contents().find('*').html();var is_postback = contents.indexOf('GF_AJAX_POSTBACK') >= 0;if(!is_postback){return;}var form_content = jQuery(this).contents().find('#gform_wrapper_6');var is_confirmation = jQuery(this).contents().find('#gform_confirmation_wrapper_6').length > 0;var is_redirect = contents.indexOf('gformRedirect(){') >= 0;var is_form = form_content.length > 0 && ! is_redirect && ! is_confirmation;var mt = parseInt(jQuery('html').css('margin-top'), 10) + parseInt(jQuery('body').css('margin-top'), 10) + 100;if(is_form){jQuery('#gform_wrapper_6').html(form_content.html());if(form_content.hasClass('gform_validation_error')){jQuery('#gform_wrapper_6').addClass('gform_validation_error');} else {jQuery('#gform_wrapper_6').removeClass('gform_validation_error');}setTimeout( function() { \/* delay the scroll by 50 milliseconds to fix a bug in chrome *\/ jQuery(document).scrollTop(jQuery('#gform_wrapper_6').offset().top - mt); }, 50 );if(window['gformInitDatepicker']) {gformInitDatepicker();}if(window['gformInitPriceFields']) {gformInitPriceFields();}var current_page = jQuery('#gform_source_page_number_6').val();gformInitSpinner( 6, 'https:\/\/motorcyclesafetylawyers.com\/wp-content\/plugins\/gravityforms\/images\/spinner.svg', true );jQuery(document).trigger('gform_page_loaded', [6, current_page]);window['gf_submitting_6'] = false;}else if(!is_redirect){var confirmation_content = jQuery(this).contents().find('.GF_AJAX_POSTBACK').html();if(!confirmation_content){confirmation_content = contents;}jQuery('#gform_wrapper_6').replaceWith(confirmation_content);jQuery(document).scrollTop(jQuery('#gf_6').offset().top - mt);jQuery(document).trigger('gform_confirmation_loaded', [6]);window['gf_submitting_6'] = false;wp.a11y.speak(jQuery('#gform_confirmation_message_6').text());}else{jQuery('#gform_6').append(contents);if(window['gformRedirect']) {gformRedirect();}}jQuery(document).trigger(\"gform_pre_post_render\", [{ formId: \"6\", currentPage: \"current_page\", abort: function() { this.preventDefault(); } }]);        if (event && event.defaultPrevented) {                return;        }        const gformWrapperDiv = document.getElementById( \"gform_wrapper_6\" );        if ( gformWrapperDiv ) {            const visibilitySpan = document.createElement( \"span\" );            visibilitySpan.id = \"gform_visibility_test_6\";            gformWrapperDiv.insertAdjacentElement( \"afterend\", visibilitySpan );        }        const visibilityTestDiv = document.getElementById( \"gform_visibility_test_6\" );        let postRenderFired = false;        function triggerPostRender() {            if ( postRenderFired ) {                return;            }            postRenderFired = true;            gform.core.triggerPostRenderEvents( 6, current_page );            if ( visibilityTestDiv ) {                visibilityTestDiv.parentNode.removeChild( visibilityTestDiv );            }        }        function debounce( func, wait, immediate ) {            var timeout;            return function() {                var context = this, args = arguments;                var later = function() {                    timeout = null;                    if ( !immediate ) func.apply( context, args );                };                var callNow = immediate && !timeout;                clearTimeout( timeout );                timeout = setTimeout( later, wait );                if ( callNow ) func.apply( context, args );            };        }        const debouncedTriggerPostRender = debounce( function() {            triggerPostRender();        }, 200 );        if ( visibilityTestDiv && visibilityTestDiv.offsetParent === null ) {            const observer = new MutationObserver( ( mutations ) => {                mutations.forEach( ( mutation ) => {                    if ( mutation.type === 'attributes' && visibilityTestDiv.offsetParent !== null ) {                        debouncedTriggerPostRender();                        observer.disconnect();                    }                });            });            observer.observe( document.body, {                attributes: true,                childList: false,                subtree: true,                attributeFilter: [ 'style', 'class' ],            });        } else {            triggerPostRender();        }    } );} ); \n\/* ]]> *\/\n<\/script>\n\n<\/div>\n","protected":false},"excerpt":{"rendered":"<p>Informaci\u00f3n del contacto Tel\u00e9fono principal:\u00a0(888) 500-9000 Equipo de Admisi\u00f3n:\u00a0(866) 925-4744 Direcci\u00f3n de la oficina principal: 105 West Adams Street, 28th Floor, Chicago, IL 60603<\/p>\n","protected":false},"author":27,"featured_media":0,"parent":0,"menu_order":0,"comment_status":"closed","ping_status":"closed","template":"","meta":{"_acf_changed":false,"give_campaign_id":0,"footnotes":""},"class_list":["post-5507","page","type-page","status-publish","hentry"],"acf":[],"yoast_head":"<!-- This site is optimized with the Yoast SEO plugin v27.5 - https:\/\/yoast.com\/product\/yoast-seo-wordpress\/ -->\n<title>Informaci\u00f3n del contacto - Motorcycle Safety Lawyers<\/title>\n<meta name=\"robots\" content=\"index, follow, max-snippet:-1, max-image-preview:large, max-video-preview:-1\" \/>\n<link rel=\"canonical\" href=\"https:\/\/motorcyclesafetylawyers.com\/es\/informacion-del-contacto\/\" \/>\n<meta property=\"og:locale\" content=\"es_ES\" \/>\n<meta property=\"og:type\" content=\"article\" \/>\n<meta property=\"og:title\" content=\"Informaci\u00f3n del contacto - Motorcycle Safety Lawyers\" \/>\n<meta property=\"og:description\" content=\"Informaci\u00f3n del contacto Tel\u00e9fono principal:\u00a0(888) 500-9000 Equipo de Admisi\u00f3n:\u00a0(866) 925-4744 Direcci\u00f3n de la oficina principal: 105 West Adams Street, 28th Floor, Chicago, IL 60603\" \/>\n<meta property=\"og:url\" content=\"https:\/\/motorcyclesafetylawyers.com\/es\/informacion-del-contacto\/\" \/>\n<meta property=\"og:site_name\" content=\"Motorcycle Safety Lawyers\" \/>\n<meta property=\"article:publisher\" content=\"https:\/\/www.facebook.com\/motorcyclesafetylawyers\" \/>\n<meta property=\"og:image\" content=\"https:\/\/motorcyclesafetylawyers.com\/wp-content\/uploads\/2023\/02\/msl-logo.png\" \/>\n\t<meta property=\"og:image:width\" content=\"490\" \/>\n\t<meta property=\"og:image:height\" content=\"354\" \/>\n\t<meta property=\"og:image:type\" content=\"image\/png\" \/>\n<meta name=\"twitter:card\" content=\"summary_large_image\" \/>\n<script type=\"application\/ld+json\" class=\"yoast-schema-graph\">{\"@context\":\"https:\\\/\\\/schema.org\",\"@graph\":[{\"@type\":\"WebPage\",\"@id\":\"https:\\\/\\\/motorcyclesafetylawyers.com\\\/es\\\/informacion-del-contacto\\\/\",\"url\":\"https:\\\/\\\/motorcyclesafetylawyers.com\\\/es\\\/informacion-del-contacto\\\/\",\"name\":\"Informaci\u00f3n del contacto - Motorcycle Safety Lawyers\",\"isPartOf\":{\"@id\":\"https:\\\/\\\/motorcyclesafetylawyers.com\\\/es\\\/#website\"},\"datePublished\":\"2026-04-17T20:15:07+00:00\",\"breadcrumb\":{\"@id\":\"https:\\\/\\\/motorcyclesafetylawyers.com\\\/es\\\/informacion-del-contacto\\\/#breadcrumb\"},\"inLanguage\":\"es\",\"potentialAction\":[{\"@type\":\"ReadAction\",\"target\":[\"https:\\\/\\\/motorcyclesafetylawyers.com\\\/es\\\/informacion-del-contacto\\\/\"]}]},{\"@type\":\"BreadcrumbList\",\"@id\":\"https:\\\/\\\/motorcyclesafetylawyers.com\\\/es\\\/informacion-del-contacto\\\/#breadcrumb\",\"itemListElement\":[{\"@type\":\"ListItem\",\"position\":1,\"name\":\"Home\",\"item\":\"https:\\\/\\\/motorcyclesafetylawyers.com\\\/es\\\/\"},{\"@type\":\"ListItem\",\"position\":2,\"name\":\"Informaci\u00f3n del contacto\"}]},{\"@type\":\"WebSite\",\"@id\":\"https:\\\/\\\/motorcyclesafetylawyers.com\\\/es\\\/#website\",\"url\":\"https:\\\/\\\/motorcyclesafetylawyers.com\\\/es\\\/\",\"name\":\"Motorcycle Safety Lawyers\",\"description\":\"Helping Injured Bikers\u2122 For Over 35 Years\",\"publisher\":{\"@id\":\"https:\\\/\\\/motorcyclesafetylawyers.com\\\/es\\\/#organization\"},\"potentialAction\":[{\"@type\":\"SearchAction\",\"target\":{\"@type\":\"EntryPoint\",\"urlTemplate\":\"https:\\\/\\\/motorcyclesafetylawyers.com\\\/es\\\/?s={search_term_string}\"},\"query-input\":{\"@type\":\"PropertyValueSpecification\",\"valueRequired\":true,\"valueName\":\"search_term_string\"}}],\"inLanguage\":\"es\"},{\"@type\":\"Organization\",\"@id\":\"https:\\\/\\\/motorcyclesafetylawyers.com\\\/es\\\/#organization\",\"name\":\"Illinois Motorcycle Lawyers\",\"url\":\"https:\\\/\\\/motorcyclesafetylawyers.com\\\/es\\\/\",\"logo\":{\"@type\":\"ImageObject\",\"inLanguage\":\"es\",\"@id\":\"https:\\\/\\\/motorcyclesafetylawyers.com\\\/es\\\/#\\\/schema\\\/logo\\\/image\\\/\",\"url\":\"https:\\\/\\\/motorcyclesafetylawyers.com\\\/wp-content\\\/uploads\\\/2022\\\/02\\\/motorcycle-safety-lawyers-logo-white.png\",\"contentUrl\":\"https:\\\/\\\/motorcyclesafetylawyers.com\\\/wp-content\\\/uploads\\\/2022\\\/02\\\/motorcycle-safety-lawyers-logo-white.png\",\"width\":482,\"height\":348,\"caption\":\"Illinois Motorcycle Lawyers\"},\"image\":{\"@id\":\"https:\\\/\\\/motorcyclesafetylawyers.com\\\/es\\\/#\\\/schema\\\/logo\\\/image\\\/\"},\"sameAs\":[\"https:\\\/\\\/www.facebook.com\\\/motorcyclesafetylawyers\",\"https:\\\/\\\/www.instagram.com\\\/motorcyclesafetylawyers\\\/\",\"https:\\\/\\\/www.youtube.com\\\/channel\\\/UCEGzDpXoyXOCCSFA4iIPlPw\"]}]}<\/script>\n<!-- \/ Yoast SEO plugin. -->","yoast_head_json":{"title":"Informaci\u00f3n del contacto - Motorcycle Safety Lawyers","robots":{"index":"index","follow":"follow","max-snippet":"max-snippet:-1","max-image-preview":"max-image-preview:large","max-video-preview":"max-video-preview:-1"},"canonical":"https:\/\/motorcyclesafetylawyers.com\/es\/informacion-del-contacto\/","og_locale":"es_ES","og_type":"article","og_title":"Informaci\u00f3n del contacto - Motorcycle Safety Lawyers","og_description":"Informaci\u00f3n del contacto Tel\u00e9fono principal:\u00a0(888) 500-9000 Equipo de Admisi\u00f3n:\u00a0(866) 925-4744 Direcci\u00f3n de la oficina principal: 105 West Adams Street, 28th Floor, Chicago, IL 60603","og_url":"https:\/\/motorcyclesafetylawyers.com\/es\/informacion-del-contacto\/","og_site_name":"Motorcycle Safety Lawyers","article_publisher":"https:\/\/www.facebook.com\/motorcyclesafetylawyers","og_image":[{"width":490,"height":354,"url":"https:\/\/motorcyclesafetylawyers.com\/wp-content\/uploads\/2023\/02\/msl-logo.png","type":"image\/png"}],"twitter_card":"summary_large_image","schema":{"@context":"https:\/\/schema.org","@graph":[{"@type":"WebPage","@id":"https:\/\/motorcyclesafetylawyers.com\/es\/informacion-del-contacto\/","url":"https:\/\/motorcyclesafetylawyers.com\/es\/informacion-del-contacto\/","name":"Informaci\u00f3n del contacto - Motorcycle Safety Lawyers","isPartOf":{"@id":"https:\/\/motorcyclesafetylawyers.com\/es\/#website"},"datePublished":"2026-04-17T20:15:07+00:00","breadcrumb":{"@id":"https:\/\/motorcyclesafetylawyers.com\/es\/informacion-del-contacto\/#breadcrumb"},"inLanguage":"es","potentialAction":[{"@type":"ReadAction","target":["https:\/\/motorcyclesafetylawyers.com\/es\/informacion-del-contacto\/"]}]},{"@type":"BreadcrumbList","@id":"https:\/\/motorcyclesafetylawyers.com\/es\/informacion-del-contacto\/#breadcrumb","itemListElement":[{"@type":"ListItem","position":1,"name":"Home","item":"https:\/\/motorcyclesafetylawyers.com\/es\/"},{"@type":"ListItem","position":2,"name":"Informaci\u00f3n del contacto"}]},{"@type":"WebSite","@id":"https:\/\/motorcyclesafetylawyers.com\/es\/#website","url":"https:\/\/motorcyclesafetylawyers.com\/es\/","name":"Motorcycle Safety Lawyers","description":"Helping Injured Bikers\u2122 For Over 35 Years","publisher":{"@id":"https:\/\/motorcyclesafetylawyers.com\/es\/#organization"},"potentialAction":[{"@type":"SearchAction","target":{"@type":"EntryPoint","urlTemplate":"https:\/\/motorcyclesafetylawyers.com\/es\/?s={search_term_string}"},"query-input":{"@type":"PropertyValueSpecification","valueRequired":true,"valueName":"search_term_string"}}],"inLanguage":"es"},{"@type":"Organization","@id":"https:\/\/motorcyclesafetylawyers.com\/es\/#organization","name":"Illinois Motorcycle Lawyers","url":"https:\/\/motorcyclesafetylawyers.com\/es\/","logo":{"@type":"ImageObject","inLanguage":"es","@id":"https:\/\/motorcyclesafetylawyers.com\/es\/#\/schema\/logo\/image\/","url":"https:\/\/motorcyclesafetylawyers.com\/wp-content\/uploads\/2022\/02\/motorcycle-safety-lawyers-logo-white.png","contentUrl":"https:\/\/motorcyclesafetylawyers.com\/wp-content\/uploads\/2022\/02\/motorcycle-safety-lawyers-logo-white.png","width":482,"height":348,"caption":"Illinois Motorcycle Lawyers"},"image":{"@id":"https:\/\/motorcyclesafetylawyers.com\/es\/#\/schema\/logo\/image\/"},"sameAs":["https:\/\/www.facebook.com\/motorcyclesafetylawyers","https:\/\/www.instagram.com\/motorcyclesafetylawyers\/","https:\/\/www.youtube.com\/channel\/UCEGzDpXoyXOCCSFA4iIPlPw"]}]}},"campaignId":"","_links":{"self":[{"href":"https:\/\/motorcyclesafetylawyers.com\/es\/wp-json\/wp\/v2\/pages\/5507","targetHints":{"allow":["GET"]}}],"collection":[{"href":"https:\/\/motorcyclesafetylawyers.com\/es\/wp-json\/wp\/v2\/pages"}],"about":[{"href":"https:\/\/motorcyclesafetylawyers.com\/es\/wp-json\/wp\/v2\/types\/page"}],"author":[{"embeddable":true,"href":"https:\/\/motorcyclesafetylawyers.com\/es\/wp-json\/wp\/v2\/users\/27"}],"replies":[{"embeddable":true,"href":"https:\/\/motorcyclesafetylawyers.com\/es\/wp-json\/wp\/v2\/comments?post=5507"}],"version-history":[{"count":1,"href":"https:\/\/motorcyclesafetylawyers.com\/es\/wp-json\/wp\/v2\/pages\/5507\/revisions"}],"predecessor-version":[{"id":5508,"href":"https:\/\/motorcyclesafetylawyers.com\/es\/wp-json\/wp\/v2\/pages\/5507\/revisions\/5508"}],"wp:attachment":[{"href":"https:\/\/motorcyclesafetylawyers.com\/es\/wp-json\/wp\/v2\/media?parent=5507"}],"curies":[{"name":"wp","href":"https:\/\/api.w.org\/{rel}","templated":true}]}}