{"id":5511,"date":"2026-04-20T14:35:41","date_gmt":"2026-04-20T14:35:41","guid":{"rendered":"https:\/\/motorcyclesafetylawyers.com\/nuestra-sede-en-nevada\/"},"modified":"2026-04-20T14:35:41","modified_gmt":"2026-04-20T14:35:41","slug":"nuestra-sede-en-nevada","status":"publish","type":"page","link":"https:\/\/motorcyclesafetylawyers.com\/es\/nuestra-sede-en-nevada\/","title":{"rendered":"Nuestra sede en Nevada"},"content":{"rendered":"<h1>Nuestra sede en Nevada<\/h1>\n<h3>Tel\u00e9fono principal:<\/h3>\n<p><a href=\"tel:+18885009000\">(888) 500-9000<\/a><\/p>\n<h3>Direcci\u00f3n de la oficina principal<\/h3>\n<p>11869 Avenida Albissola<br \/>\nLas Vegas, NV 89138<\/p>\n<h3>Detalles importantes<\/h3>\n<ul>\n<li>Aparcamiento disponible en la calle<\/li>\n<li>A minutos de Las Vegas por la US-95 Norte<\/li>\n<li>Accesible en silla de ruedas<\/li>\n<\/ul>\n<h3>Zonas atendidas<\/h3>\n<ul>\n<li>\u00c1rea metropolitana de Las Vegas<\/li>\n<li>Para\u00edso<\/li>\n<li>Henderson<\/li>\n<li>Las Vegas Norte<\/li>\n<li>Mansi\u00f3n Sunrise<\/li>\n<li>Empresa<\/li>\n<\/ul>\n<p><iframe style=\"border: 0;\" src=\"https:\/\/www.google.com\/maps\/embed?pb=!1m18!1m12!1m3!1d3220.5379523567744!2d-115.35933364919346!3d36.177796710087996!2m3!1f0!2f0!3f0!3m2!1i1024!2i768!4f13.1!3m3!1m2!1s0x80c8be18d1cc0a41%3A0x55ae26498a3163db!2s11869%20Albissola%20Ave%2C%20Las%20Vegas%2C%20NV%2089138%2C%20USA!5e0!3m2!1sen!2smx!4v1658439984283!5m2!1sen!2smx\" width=\"600\" height=\"350\" allowfullscreen=\"allowfullscreen\"><\/iframe><\/p>\n<h2>Acerca de este lugar<\/h2>\n<p>Situado a las afueras del centro de Las Vegas, Nevada. Nuestra ubicaci\u00f3n est\u00e1 al oeste del coraz\u00f3n de la Ciudad del Pecado, justo al lado de la US-95 Norte. Nuestra ubicaci\u00f3n es f\u00e1cilmente accesible para la comunidad motera de Nevada.  <\/p>\n<div class=\"row\">\n<div class=\"col-md-6\">\n<h3>Servicios de la Ley de Seguridad de Motocicletas<\/h3>\n<p>&gt;  Accidentes de moto<br \/>\n&gt;  Seguro de moto<br \/>\n&gt; Ley de Motocicletas<br \/>\n&gt;  Permiso de moto<\/p>\n<p>&nbsp;<\/p>\n<\/div>\n<div class=\"col-md-6\"><img decoding=\"async\" style=\"width: 99%; max-width: 400px; height: auto;\" src=\"https:\/\/motorcyclesafetylawyers.com\/wp-content\/uploads\/2022\/07\/case-study-doug-and-marc.jpg\" alt=\"Localizaci\u00f3n del despacho de abogados de seguridad para motoristas\"><\/div>\n<\/div>\n","protected":false},"excerpt":{"rendered":"<p>Nuestra sede en Nevada Tel\u00e9fono principal: (888) 500-9000 Direcci\u00f3n de la oficina principal 11869 Avenida Albissola Las Vegas, NV 89138 Detalles importantes Aparcamiento disponible en la calle A minutos de Las Vegas por la US-95 Norte Accesible en silla de ruedas Zonas atendidas \u00c1rea metropolitana de Las Vegas Para\u00edso Henderson Las Vegas Norte Mansi\u00f3n Sunrise [&hellip;]<\/p>\n","protected":false},"author":12,"featured_media":0,"parent":0,"menu_order":0,"comment_status":"closed","ping_status":"closed","template":"","meta":{"_acf_changed":false,"give_campaign_id":0,"footnotes":""},"class_list":["post-5511","page","type-page","status-publish","hentry"],"acf":[],"yoast_head":"<!-- This site is optimized with the Yoast SEO plugin v27.4 - https:\/\/yoast.com\/product\/yoast-seo-wordpress\/ -->\n<title>Nuestra sede en Nevada - Motorcycle Safety Lawyers<\/title>\n<meta name=\"description\" content=\"Echa un vistazo a nuestra ubicaci\u00f3n en Nevada y a las distintas zonas que atendemos. Lee tambi\u00e9n los distintos servicios que prestamos en estas zonas.\" \/>\n<meta name=\"robots\" content=\"index, follow, max-snippet:-1, max-image-preview:large, max-video-preview:-1\" \/>\n<link rel=\"canonical\" href=\"https:\/\/motorcyclesafetylawyers.com\/es\/nuestra-sede-en-nevada\/\" \/>\n<meta property=\"og:locale\" content=\"es_ES\" \/>\n<meta property=\"og:type\" content=\"article\" \/>\n<meta property=\"og:title\" content=\"Nuestra sede en Nevada - Motorcycle Safety Lawyers\" \/>\n<meta property=\"og:description\" content=\"Echa un vistazo a nuestra ubicaci\u00f3n en Nevada y a las distintas zonas que atendemos. Lee tambi\u00e9n los distintos servicios que prestamos en estas zonas.\" \/>\n<meta property=\"og:url\" content=\"https:\/\/motorcyclesafetylawyers.com\/es\/nuestra-sede-en-nevada\/\" \/>\n<meta property=\"og:site_name\" content=\"Motorcycle Safety Lawyers\" \/>\n<meta property=\"article:publisher\" content=\"https:\/\/www.facebook.com\/motorcyclesafetylawyers\" \/>\n<meta property=\"og:image\" content=\"https:\/\/motorcyclesafetylawyers.com\/wp-content\/uploads\/2022\/07\/case-study-doug-and-marc.jpg\" \/>\n<meta name=\"twitter:card\" content=\"summary_large_image\" \/>\n<meta name=\"twitter:label1\" content=\"Tiempo de lectura\" \/>\n\t<meta name=\"twitter:data1\" content=\"1 minuto\" \/>\n<script type=\"application\/ld+json\" class=\"yoast-schema-graph\">{\"@context\":\"https:\\\/\\\/schema.org\",\"@graph\":[{\"@type\":\"WebPage\",\"@id\":\"https:\\\/\\\/motorcyclesafetylawyers.com\\\/es\\\/nuestra-sede-en-nevada\\\/\",\"url\":\"https:\\\/\\\/motorcyclesafetylawyers.com\\\/es\\\/nuestra-sede-en-nevada\\\/\",\"name\":\"Nuestra sede en Nevada - Motorcycle Safety Lawyers\",\"isPartOf\":{\"@id\":\"https:\\\/\\\/motorcyclesafetylawyers.com\\\/es\\\/#website\"},\"primaryImageOfPage\":{\"@id\":\"https:\\\/\\\/motorcyclesafetylawyers.com\\\/es\\\/nuestra-sede-en-nevada\\\/#primaryimage\"},\"image\":{\"@id\":\"https:\\\/\\\/motorcyclesafetylawyers.com\\\/es\\\/nuestra-sede-en-nevada\\\/#primaryimage\"},\"thumbnailUrl\":\"https:\\\/\\\/motorcyclesafetylawyers.com\\\/wp-content\\\/uploads\\\/2022\\\/07\\\/case-study-doug-and-marc.jpg\",\"datePublished\":\"2026-04-20T14:35:41+00:00\",\"description\":\"Echa un vistazo a nuestra ubicaci\u00f3n en Nevada y a las distintas zonas que atendemos. Lee tambi\u00e9n los distintos servicios que prestamos en estas zonas.\",\"breadcrumb\":{\"@id\":\"https:\\\/\\\/motorcyclesafetylawyers.com\\\/es\\\/nuestra-sede-en-nevada\\\/#breadcrumb\"},\"inLanguage\":\"es\",\"potentialAction\":[{\"@type\":\"ReadAction\",\"target\":[\"https:\\\/\\\/motorcyclesafetylawyers.com\\\/es\\\/nuestra-sede-en-nevada\\\/\"]}]},{\"@type\":\"ImageObject\",\"inLanguage\":\"es\",\"@id\":\"https:\\\/\\\/motorcyclesafetylawyers.com\\\/es\\\/nuestra-sede-en-nevada\\\/#primaryimage\",\"url\":\"https:\\\/\\\/motorcyclesafetylawyers.com\\\/wp-content\\\/uploads\\\/2022\\\/07\\\/case-study-doug-and-marc.jpg\",\"contentUrl\":\"https:\\\/\\\/motorcyclesafetylawyers.com\\\/wp-content\\\/uploads\\\/2022\\\/07\\\/case-study-doug-and-marc.jpg\"},{\"@type\":\"BreadcrumbList\",\"@id\":\"https:\\\/\\\/motorcyclesafetylawyers.com\\\/es\\\/nuestra-sede-en-nevada\\\/#breadcrumb\",\"itemListElement\":[{\"@type\":\"ListItem\",\"position\":1,\"name\":\"Home\",\"item\":\"https:\\\/\\\/motorcyclesafetylawyers.com\\\/es\\\/\"},{\"@type\":\"ListItem\",\"position\":2,\"name\":\"Nuestra sede en Nevada\"}]},{\"@type\":\"WebSite\",\"@id\":\"https:\\\/\\\/motorcyclesafetylawyers.com\\\/es\\\/#website\",\"url\":\"https:\\\/\\\/motorcyclesafetylawyers.com\\\/es\\\/\",\"name\":\"Motorcycle Safety Lawyers\",\"description\":\"Helping Injured Bikers\u2122 For Over 35 Years\",\"publisher\":{\"@id\":\"https:\\\/\\\/motorcyclesafetylawyers.com\\\/es\\\/#organization\"},\"potentialAction\":[{\"@type\":\"SearchAction\",\"target\":{\"@type\":\"EntryPoint\",\"urlTemplate\":\"https:\\\/\\\/motorcyclesafetylawyers.com\\\/es\\\/?s={search_term_string}\"},\"query-input\":{\"@type\":\"PropertyValueSpecification\",\"valueRequired\":true,\"valueName\":\"search_term_string\"}}],\"inLanguage\":\"es\"},{\"@type\":\"Organization\",\"@id\":\"https:\\\/\\\/motorcyclesafetylawyers.com\\\/es\\\/#organization\",\"name\":\"Illinois Motorcycle Lawyers\",\"url\":\"https:\\\/\\\/motorcyclesafetylawyers.com\\\/es\\\/\",\"logo\":{\"@type\":\"ImageObject\",\"inLanguage\":\"es\",\"@id\":\"https:\\\/\\\/motorcyclesafetylawyers.com\\\/es\\\/#\\\/schema\\\/logo\\\/image\\\/\",\"url\":\"https:\\\/\\\/motorcyclesafetylawyers.com\\\/wp-content\\\/uploads\\\/2022\\\/02\\\/motorcycle-safety-lawyers-logo-white.png\",\"contentUrl\":\"https:\\\/\\\/motorcyclesafetylawyers.com\\\/wp-content\\\/uploads\\\/2022\\\/02\\\/motorcycle-safety-lawyers-logo-white.png\",\"width\":482,\"height\":348,\"caption\":\"Illinois Motorcycle Lawyers\"},\"image\":{\"@id\":\"https:\\\/\\\/motorcyclesafetylawyers.com\\\/es\\\/#\\\/schema\\\/logo\\\/image\\\/\"},\"sameAs\":[\"https:\\\/\\\/www.facebook.com\\\/motorcyclesafetylawyers\",\"https:\\\/\\\/www.instagram.com\\\/motorcyclesafetylawyers\\\/\",\"https:\\\/\\\/www.youtube.com\\\/channel\\\/UCEGzDpXoyXOCCSFA4iIPlPw\"]}]}<\/script>\n<!-- \/ Yoast SEO plugin. -->","yoast_head_json":{"title":"Nuestra sede en Nevada - Motorcycle Safety Lawyers","description":"Echa un vistazo a nuestra ubicaci\u00f3n en Nevada y a las distintas zonas que atendemos. Lee tambi\u00e9n los distintos servicios que prestamos en estas zonas.","robots":{"index":"index","follow":"follow","max-snippet":"max-snippet:-1","max-image-preview":"max-image-preview:large","max-video-preview":"max-video-preview:-1"},"canonical":"https:\/\/motorcyclesafetylawyers.com\/es\/nuestra-sede-en-nevada\/","og_locale":"es_ES","og_type":"article","og_title":"Nuestra sede en Nevada - Motorcycle Safety Lawyers","og_description":"Echa un vistazo a nuestra ubicaci\u00f3n en Nevada y a las distintas zonas que atendemos. Lee tambi\u00e9n los distintos servicios que prestamos en estas zonas.","og_url":"https:\/\/motorcyclesafetylawyers.com\/es\/nuestra-sede-en-nevada\/","og_site_name":"Motorcycle Safety Lawyers","article_publisher":"https:\/\/www.facebook.com\/motorcyclesafetylawyers","og_image":[{"url":"https:\/\/motorcyclesafetylawyers.com\/wp-content\/uploads\/2022\/07\/case-study-doug-and-marc.jpg","type":"","width":"","height":""}],"twitter_card":"summary_large_image","twitter_misc":{"Tiempo de lectura":"1 minuto"},"schema":{"@context":"https:\/\/schema.org","@graph":[{"@type":"WebPage","@id":"https:\/\/motorcyclesafetylawyers.com\/es\/nuestra-sede-en-nevada\/","url":"https:\/\/motorcyclesafetylawyers.com\/es\/nuestra-sede-en-nevada\/","name":"Nuestra sede en Nevada - Motorcycle Safety Lawyers","isPartOf":{"@id":"https:\/\/motorcyclesafetylawyers.com\/es\/#website"},"primaryImageOfPage":{"@id":"https:\/\/motorcyclesafetylawyers.com\/es\/nuestra-sede-en-nevada\/#primaryimage"},"image":{"@id":"https:\/\/motorcyclesafetylawyers.com\/es\/nuestra-sede-en-nevada\/#primaryimage"},"thumbnailUrl":"https:\/\/motorcyclesafetylawyers.com\/wp-content\/uploads\/2022\/07\/case-study-doug-and-marc.jpg","datePublished":"2026-04-20T14:35:41+00:00","description":"Echa un vistazo a nuestra ubicaci\u00f3n en Nevada y a las distintas zonas que atendemos. Lee tambi\u00e9n los distintos servicios que prestamos en estas zonas.","breadcrumb":{"@id":"https:\/\/motorcyclesafetylawyers.com\/es\/nuestra-sede-en-nevada\/#breadcrumb"},"inLanguage":"es","potentialAction":[{"@type":"ReadAction","target":["https:\/\/motorcyclesafetylawyers.com\/es\/nuestra-sede-en-nevada\/"]}]},{"@type":"ImageObject","inLanguage":"es","@id":"https:\/\/motorcyclesafetylawyers.com\/es\/nuestra-sede-en-nevada\/#primaryimage","url":"https:\/\/motorcyclesafetylawyers.com\/wp-content\/uploads\/2022\/07\/case-study-doug-and-marc.jpg","contentUrl":"https:\/\/motorcyclesafetylawyers.com\/wp-content\/uploads\/2022\/07\/case-study-doug-and-marc.jpg"},{"@type":"BreadcrumbList","@id":"https:\/\/motorcyclesafetylawyers.com\/es\/nuestra-sede-en-nevada\/#breadcrumb","itemListElement":[{"@type":"ListItem","position":1,"name":"Home","item":"https:\/\/motorcyclesafetylawyers.com\/es\/"},{"@type":"ListItem","position":2,"name":"Nuestra sede en Nevada"}]},{"@type":"WebSite","@id":"https:\/\/motorcyclesafetylawyers.com\/es\/#website","url":"https:\/\/motorcyclesafetylawyers.com\/es\/","name":"Motorcycle Safety Lawyers","description":"Helping Injured Bikers\u2122 For Over 35 Years","publisher":{"@id":"https:\/\/motorcyclesafetylawyers.com\/es\/#organization"},"potentialAction":[{"@type":"SearchAction","target":{"@type":"EntryPoint","urlTemplate":"https:\/\/motorcyclesafetylawyers.com\/es\/?s={search_term_string}"},"query-input":{"@type":"PropertyValueSpecification","valueRequired":true,"valueName":"search_term_string"}}],"inLanguage":"es"},{"@type":"Organization","@id":"https:\/\/motorcyclesafetylawyers.com\/es\/#organization","name":"Illinois Motorcycle Lawyers","url":"https:\/\/motorcyclesafetylawyers.com\/es\/","logo":{"@type":"ImageObject","inLanguage":"es","@id":"https:\/\/motorcyclesafetylawyers.com\/es\/#\/schema\/logo\/image\/","url":"https:\/\/motorcyclesafetylawyers.com\/wp-content\/uploads\/2022\/02\/motorcycle-safety-lawyers-logo-white.png","contentUrl":"https:\/\/motorcyclesafetylawyers.com\/wp-content\/uploads\/2022\/02\/motorcycle-safety-lawyers-logo-white.png","width":482,"height":348,"caption":"Illinois Motorcycle Lawyers"},"image":{"@id":"https:\/\/motorcyclesafetylawyers.com\/es\/#\/schema\/logo\/image\/"},"sameAs":["https:\/\/www.facebook.com\/motorcyclesafetylawyers","https:\/\/www.instagram.com\/motorcyclesafetylawyers\/","https:\/\/www.youtube.com\/channel\/UCEGzDpXoyXOCCSFA4iIPlPw"]}]}},"campaignId":"","_links":{"self":[{"href":"https:\/\/motorcyclesafetylawyers.com\/es\/wp-json\/wp\/v2\/pages\/5511","targetHints":{"allow":["GET"]}}],"collection":[{"href":"https:\/\/motorcyclesafetylawyers.com\/es\/wp-json\/wp\/v2\/pages"}],"about":[{"href":"https:\/\/motorcyclesafetylawyers.com\/es\/wp-json\/wp\/v2\/types\/page"}],"author":[{"embeddable":true,"href":"https:\/\/motorcyclesafetylawyers.com\/es\/wp-json\/wp\/v2\/users\/12"}],"replies":[{"embeddable":true,"href":"https:\/\/motorcyclesafetylawyers.com\/es\/wp-json\/wp\/v2\/comments?post=5511"}],"version-history":[{"count":0,"href":"https:\/\/motorcyclesafetylawyers.com\/es\/wp-json\/wp\/v2\/pages\/5511\/revisions"}],"wp:attachment":[{"href":"https:\/\/motorcyclesafetylawyers.com\/es\/wp-json\/wp\/v2\/media?parent=5511"}],"curies":[{"name":"wp","href":"https:\/\/api.w.org\/{rel}","templated":true}]}}