{"id":5512,"date":"2026-04-20T14:54:44","date_gmt":"2026-04-20T14:54:44","guid":{"rendered":"https:\/\/motorcyclesafetylawyers.com\/?page_id=5512"},"modified":"2026-04-20T14:54:44","modified_gmt":"2026-04-20T14:54:44","slug":"nuestra-ubicacion-en-illinois","status":"publish","type":"page","link":"https:\/\/motorcyclesafetylawyers.com\/es\/nuestra-ubicacion-en-illinois\/","title":{"rendered":"Nuestra ubicaci\u00f3n en Illinois"},"content":{"rendered":"<h1>Nuestra ubicaci\u00f3n en Illinois<\/h1>\n<h3>Tel\u00e9fono principal:<\/h3>\n<p><a href=\"tel:+18885009000\">(888) 500-9000<\/a><\/p>\n<h3>Direcci\u00f3n de la oficina principal<\/h3>\n<p><a id=\"lnkContactPageAddress\" href=\"https:\/\/goo.gl\/maps\/dcXXMWzvJgYSMfpk6\">105 West Adams Street, 28th Floor,<br \/>\nChicago, IL 60603<\/a><\/p>\n<h3>Detalles importantes<\/h3>\n<ul>\n<li>Estacionamiento de pago disponible en garaje y en la calle.<\/li>\n<li>A 2 cuadras de la estaci\u00f3n de metro Jackson (L\u00ednea Azul)<\/li>\n<li>Accesible para sillas de ruedas<\/li>\n<\/ul>\n<h3>\u00c1reas de servicio<\/h3>\n<ul>\n<li>El \u00e1rea metropolitana de Chicago<\/li>\n<li>Evanston<\/li>\n<li>Oak Lawn<\/li>\n<li>Orland Park<\/li>\n<li>Bolingbrook<\/li>\n<li>Naperville<\/li>\n<li>Schaumburg<\/li>\n<li>Arlington Heights<\/li>\n<li>Elgin<\/li>\n<\/ul>\n<p><iframe style=\"border: 0;\" src=\"https:\/\/www.google.com\/maps\/embed?pb=!1m14!1m8!1m3!1d225829.62809303575!2d-87.77585760086629!3d41.95353419079674!3m2!1i1024!2i768!4f13.1!3m3!1m2!1s0x880e2cbc8a8387ad%3A0x79e7f63167e277c5!2sMarc%20J%20Shuman%20%26%20Associates%2C%20Ltd.!5e0!3m2!1sen!2sus!4v1577568308962!5m2!1sen!2sus\" width=\"600\" height=\"350\" frameborder=\"0\" allowfullscreen=\"allowfullscreen\"><\/iframe><\/p>\n<h2>Acerca de esta ubicaci\u00f3n<\/h2>\n<p>Ubicada en el coraz\u00f3n del centro de Chicago, Illinois, nuestra sede es de f\u00e1cil acceso para la comunidad motociclista de Illinois. Puede encontrarnos en el piso 28 del Clark Adams Building, en el 105 West Adams Street, en las oficinas de Shuman Legal (Abogados de Lesiones Personales).<\/p>\n<div class=\"row\">\n<div class=\"col-md-6\">\n<h3>Servicios legales sobre seguridad en motocicletas<\/h3>\n<p>&gt; Accidentes de motocicleta<br \/>\n&gt; Seguro de motocicleta<br \/>\n&gt; Legislaci\u00f3n sobre motocicletas<br \/>\n&gt; Licencias de motocicleta<br \/>\n&nbsp;<\/p>\n<\/div>\n<div class=\"col-md-6\"><img decoding=\"async\" style=\"width: 99%; max-width: 400px; height: auto;\" src=\"https:\/\/motorcyclesafetylawyers.com\/wp-content\/uploads\/2022\/07\/case-study-doug-and-marc.jpg\" alt=\"Ubicaci\u00f3n de la oficina de los abogados de seguridad para motociclistas\" \/><\/div>\n<\/div>\n","protected":false},"excerpt":{"rendered":"<p>Nuestra ubicaci\u00f3n en Illinois Tel\u00e9fono principal: (888) 500-9000 Direcci\u00f3n de la oficina principal 105 West Adams Street, 28th Floor, Chicago, IL 60603 Detalles importantes Estacionamiento de pago disponible en garaje y en la calle. A 2 cuadras de la estaci\u00f3n de metro Jackson (L\u00ednea Azul) Accesible para sillas de ruedas \u00c1reas de servicio El \u00e1rea [&hellip;]<\/p>\n","protected":false},"author":27,"featured_media":0,"parent":0,"menu_order":0,"comment_status":"closed","ping_status":"closed","template":"","meta":{"_acf_changed":false,"give_campaign_id":0,"footnotes":""},"class_list":["post-5512","page","type-page","status-publish","hentry"],"acf":[],"yoast_head":"<!-- This site is optimized with the Yoast SEO plugin v27.4 - https:\/\/yoast.com\/product\/yoast-seo-wordpress\/ -->\n<title>Nuestra ubicaci\u00f3n en Illinois - Motorcycle Safety Lawyers<\/title>\n<meta name=\"robots\" content=\"index, follow, max-snippet:-1, max-image-preview:large, max-video-preview:-1\" \/>\n<link rel=\"canonical\" href=\"https:\/\/motorcyclesafetylawyers.com\/es\/nuestra-ubicacion-en-illinois\/\" \/>\n<meta property=\"og:locale\" content=\"es_ES\" \/>\n<meta property=\"og:type\" content=\"article\" \/>\n<meta property=\"og:title\" content=\"Nuestra ubicaci\u00f3n en Illinois - Motorcycle Safety Lawyers\" \/>\n<meta property=\"og:description\" content=\"Nuestra ubicaci\u00f3n en Illinois Tel\u00e9fono principal: (888) 500-9000 Direcci\u00f3n de la oficina principal 105 West Adams Street, 28th Floor, Chicago, IL 60603 Detalles importantes Estacionamiento de pago disponible en garaje y en la calle. A 2 cuadras de la estaci\u00f3n de metro Jackson (L\u00ednea Azul) Accesible para sillas de ruedas \u00c1reas de servicio El \u00e1rea [&hellip;]\" \/>\n<meta property=\"og:url\" content=\"https:\/\/motorcyclesafetylawyers.com\/es\/nuestra-ubicacion-en-illinois\/\" \/>\n<meta property=\"og:site_name\" content=\"Motorcycle Safety Lawyers\" \/>\n<meta property=\"article:publisher\" content=\"https:\/\/www.facebook.com\/motorcyclesafetylawyers\" \/>\n<meta property=\"og:image\" content=\"https:\/\/motorcyclesafetylawyers.com\/wp-content\/uploads\/2022\/07\/case-study-doug-and-marc.jpg\" \/>\n<meta name=\"twitter:card\" content=\"summary_large_image\" \/>\n<script type=\"application\/ld+json\" class=\"yoast-schema-graph\">{\"@context\":\"https:\\\/\\\/schema.org\",\"@graph\":[{\"@type\":\"WebPage\",\"@id\":\"https:\\\/\\\/motorcyclesafetylawyers.com\\\/es\\\/nuestra-ubicacion-en-illinois\\\/\",\"url\":\"https:\\\/\\\/motorcyclesafetylawyers.com\\\/es\\\/nuestra-ubicacion-en-illinois\\\/\",\"name\":\"Nuestra ubicaci\u00f3n en Illinois - Motorcycle Safety Lawyers\",\"isPartOf\":{\"@id\":\"https:\\\/\\\/motorcyclesafetylawyers.com\\\/es\\\/#website\"},\"primaryImageOfPage\":{\"@id\":\"https:\\\/\\\/motorcyclesafetylawyers.com\\\/es\\\/nuestra-ubicacion-en-illinois\\\/#primaryimage\"},\"image\":{\"@id\":\"https:\\\/\\\/motorcyclesafetylawyers.com\\\/es\\\/nuestra-ubicacion-en-illinois\\\/#primaryimage\"},\"thumbnailUrl\":\"https:\\\/\\\/motorcyclesafetylawyers.com\\\/wp-content\\\/uploads\\\/2022\\\/07\\\/case-study-doug-and-marc.jpg\",\"datePublished\":\"2026-04-20T14:54:44+00:00\",\"breadcrumb\":{\"@id\":\"https:\\\/\\\/motorcyclesafetylawyers.com\\\/es\\\/nuestra-ubicacion-en-illinois\\\/#breadcrumb\"},\"inLanguage\":\"es\",\"potentialAction\":[{\"@type\":\"ReadAction\",\"target\":[\"https:\\\/\\\/motorcyclesafetylawyers.com\\\/es\\\/nuestra-ubicacion-en-illinois\\\/\"]}]},{\"@type\":\"ImageObject\",\"inLanguage\":\"es\",\"@id\":\"https:\\\/\\\/motorcyclesafetylawyers.com\\\/es\\\/nuestra-ubicacion-en-illinois\\\/#primaryimage\",\"url\":\"https:\\\/\\\/motorcyclesafetylawyers.com\\\/wp-content\\\/uploads\\\/2022\\\/07\\\/case-study-doug-and-marc.jpg\",\"contentUrl\":\"https:\\\/\\\/motorcyclesafetylawyers.com\\\/wp-content\\\/uploads\\\/2022\\\/07\\\/case-study-doug-and-marc.jpg\"},{\"@type\":\"BreadcrumbList\",\"@id\":\"https:\\\/\\\/motorcyclesafetylawyers.com\\\/es\\\/nuestra-ubicacion-en-illinois\\\/#breadcrumb\",\"itemListElement\":[{\"@type\":\"ListItem\",\"position\":1,\"name\":\"Home\",\"item\":\"https:\\\/\\\/motorcyclesafetylawyers.com\\\/es\\\/\"},{\"@type\":\"ListItem\",\"position\":2,\"name\":\"Nuestra ubicaci\u00f3n en Illinois\"}]},{\"@type\":\"WebSite\",\"@id\":\"https:\\\/\\\/motorcyclesafetylawyers.com\\\/es\\\/#website\",\"url\":\"https:\\\/\\\/motorcyclesafetylawyers.com\\\/es\\\/\",\"name\":\"Motorcycle Safety Lawyers\",\"description\":\"Helping Injured Bikers\u2122 For Over 35 Years\",\"publisher\":{\"@id\":\"https:\\\/\\\/motorcyclesafetylawyers.com\\\/es\\\/#organization\"},\"potentialAction\":[{\"@type\":\"SearchAction\",\"target\":{\"@type\":\"EntryPoint\",\"urlTemplate\":\"https:\\\/\\\/motorcyclesafetylawyers.com\\\/es\\\/?s={search_term_string}\"},\"query-input\":{\"@type\":\"PropertyValueSpecification\",\"valueRequired\":true,\"valueName\":\"search_term_string\"}}],\"inLanguage\":\"es\"},{\"@type\":\"Organization\",\"@id\":\"https:\\\/\\\/motorcyclesafetylawyers.com\\\/es\\\/#organization\",\"name\":\"Illinois Motorcycle Lawyers\",\"url\":\"https:\\\/\\\/motorcyclesafetylawyers.com\\\/es\\\/\",\"logo\":{\"@type\":\"ImageObject\",\"inLanguage\":\"es\",\"@id\":\"https:\\\/\\\/motorcyclesafetylawyers.com\\\/es\\\/#\\\/schema\\\/logo\\\/image\\\/\",\"url\":\"https:\\\/\\\/motorcyclesafetylawyers.com\\\/wp-content\\\/uploads\\\/2022\\\/02\\\/motorcycle-safety-lawyers-logo-white.png\",\"contentUrl\":\"https:\\\/\\\/motorcyclesafetylawyers.com\\\/wp-content\\\/uploads\\\/2022\\\/02\\\/motorcycle-safety-lawyers-logo-white.png\",\"width\":482,\"height\":348,\"caption\":\"Illinois Motorcycle Lawyers\"},\"image\":{\"@id\":\"https:\\\/\\\/motorcyclesafetylawyers.com\\\/es\\\/#\\\/schema\\\/logo\\\/image\\\/\"},\"sameAs\":[\"https:\\\/\\\/www.facebook.com\\\/motorcyclesafetylawyers\",\"https:\\\/\\\/www.instagram.com\\\/motorcyclesafetylawyers\\\/\",\"https:\\\/\\\/www.youtube.com\\\/channel\\\/UCEGzDpXoyXOCCSFA4iIPlPw\"]}]}<\/script>\n<!-- \/ Yoast SEO plugin. -->","yoast_head_json":{"title":"Nuestra ubicaci\u00f3n en Illinois - Motorcycle Safety Lawyers","robots":{"index":"index","follow":"follow","max-snippet":"max-snippet:-1","max-image-preview":"max-image-preview:large","max-video-preview":"max-video-preview:-1"},"canonical":"https:\/\/motorcyclesafetylawyers.com\/es\/nuestra-ubicacion-en-illinois\/","og_locale":"es_ES","og_type":"article","og_title":"Nuestra ubicaci\u00f3n en Illinois - Motorcycle Safety Lawyers","og_description":"Nuestra ubicaci\u00f3n en Illinois Tel\u00e9fono principal: (888) 500-9000 Direcci\u00f3n de la oficina principal 105 West Adams Street, 28th Floor, Chicago, IL 60603 Detalles importantes Estacionamiento de pago disponible en garaje y en la calle. A 2 cuadras de la estaci\u00f3n de metro Jackson (L\u00ednea Azul) Accesible para sillas de ruedas \u00c1reas de servicio El \u00e1rea [&hellip;]","og_url":"https:\/\/motorcyclesafetylawyers.com\/es\/nuestra-ubicacion-en-illinois\/","og_site_name":"Motorcycle Safety Lawyers","article_publisher":"https:\/\/www.facebook.com\/motorcyclesafetylawyers","og_image":[{"url":"https:\/\/motorcyclesafetylawyers.com\/wp-content\/uploads\/2022\/07\/case-study-doug-and-marc.jpg","type":"","width":"","height":""}],"twitter_card":"summary_large_image","schema":{"@context":"https:\/\/schema.org","@graph":[{"@type":"WebPage","@id":"https:\/\/motorcyclesafetylawyers.com\/es\/nuestra-ubicacion-en-illinois\/","url":"https:\/\/motorcyclesafetylawyers.com\/es\/nuestra-ubicacion-en-illinois\/","name":"Nuestra ubicaci\u00f3n en Illinois - Motorcycle Safety Lawyers","isPartOf":{"@id":"https:\/\/motorcyclesafetylawyers.com\/es\/#website"},"primaryImageOfPage":{"@id":"https:\/\/motorcyclesafetylawyers.com\/es\/nuestra-ubicacion-en-illinois\/#primaryimage"},"image":{"@id":"https:\/\/motorcyclesafetylawyers.com\/es\/nuestra-ubicacion-en-illinois\/#primaryimage"},"thumbnailUrl":"https:\/\/motorcyclesafetylawyers.com\/wp-content\/uploads\/2022\/07\/case-study-doug-and-marc.jpg","datePublished":"2026-04-20T14:54:44+00:00","breadcrumb":{"@id":"https:\/\/motorcyclesafetylawyers.com\/es\/nuestra-ubicacion-en-illinois\/#breadcrumb"},"inLanguage":"es","potentialAction":[{"@type":"ReadAction","target":["https:\/\/motorcyclesafetylawyers.com\/es\/nuestra-ubicacion-en-illinois\/"]}]},{"@type":"ImageObject","inLanguage":"es","@id":"https:\/\/motorcyclesafetylawyers.com\/es\/nuestra-ubicacion-en-illinois\/#primaryimage","url":"https:\/\/motorcyclesafetylawyers.com\/wp-content\/uploads\/2022\/07\/case-study-doug-and-marc.jpg","contentUrl":"https:\/\/motorcyclesafetylawyers.com\/wp-content\/uploads\/2022\/07\/case-study-doug-and-marc.jpg"},{"@type":"BreadcrumbList","@id":"https:\/\/motorcyclesafetylawyers.com\/es\/nuestra-ubicacion-en-illinois\/#breadcrumb","itemListElement":[{"@type":"ListItem","position":1,"name":"Home","item":"https:\/\/motorcyclesafetylawyers.com\/es\/"},{"@type":"ListItem","position":2,"name":"Nuestra ubicaci\u00f3n en Illinois"}]},{"@type":"WebSite","@id":"https:\/\/motorcyclesafetylawyers.com\/es\/#website","url":"https:\/\/motorcyclesafetylawyers.com\/es\/","name":"Motorcycle Safety Lawyers","description":"Helping Injured Bikers\u2122 For Over 35 Years","publisher":{"@id":"https:\/\/motorcyclesafetylawyers.com\/es\/#organization"},"potentialAction":[{"@type":"SearchAction","target":{"@type":"EntryPoint","urlTemplate":"https:\/\/motorcyclesafetylawyers.com\/es\/?s={search_term_string}"},"query-input":{"@type":"PropertyValueSpecification","valueRequired":true,"valueName":"search_term_string"}}],"inLanguage":"es"},{"@type":"Organization","@id":"https:\/\/motorcyclesafetylawyers.com\/es\/#organization","name":"Illinois Motorcycle Lawyers","url":"https:\/\/motorcyclesafetylawyers.com\/es\/","logo":{"@type":"ImageObject","inLanguage":"es","@id":"https:\/\/motorcyclesafetylawyers.com\/es\/#\/schema\/logo\/image\/","url":"https:\/\/motorcyclesafetylawyers.com\/wp-content\/uploads\/2022\/02\/motorcycle-safety-lawyers-logo-white.png","contentUrl":"https:\/\/motorcyclesafetylawyers.com\/wp-content\/uploads\/2022\/02\/motorcycle-safety-lawyers-logo-white.png","width":482,"height":348,"caption":"Illinois Motorcycle Lawyers"},"image":{"@id":"https:\/\/motorcyclesafetylawyers.com\/es\/#\/schema\/logo\/image\/"},"sameAs":["https:\/\/www.facebook.com\/motorcyclesafetylawyers","https:\/\/www.instagram.com\/motorcyclesafetylawyers\/","https:\/\/www.youtube.com\/channel\/UCEGzDpXoyXOCCSFA4iIPlPw"]}]}},"campaignId":"","_links":{"self":[{"href":"https:\/\/motorcyclesafetylawyers.com\/es\/wp-json\/wp\/v2\/pages\/5512","targetHints":{"allow":["GET"]}}],"collection":[{"href":"https:\/\/motorcyclesafetylawyers.com\/es\/wp-json\/wp\/v2\/pages"}],"about":[{"href":"https:\/\/motorcyclesafetylawyers.com\/es\/wp-json\/wp\/v2\/types\/page"}],"author":[{"embeddable":true,"href":"https:\/\/motorcyclesafetylawyers.com\/es\/wp-json\/wp\/v2\/users\/27"}],"replies":[{"embeddable":true,"href":"https:\/\/motorcyclesafetylawyers.com\/es\/wp-json\/wp\/v2\/comments?post=5512"}],"version-history":[{"count":1,"href":"https:\/\/motorcyclesafetylawyers.com\/es\/wp-json\/wp\/v2\/pages\/5512\/revisions"}],"predecessor-version":[{"id":5514,"href":"https:\/\/motorcyclesafetylawyers.com\/es\/wp-json\/wp\/v2\/pages\/5512\/revisions\/5514"}],"wp:attachment":[{"href":"https:\/\/motorcyclesafetylawyers.com\/es\/wp-json\/wp\/v2\/media?parent=5512"}],"curies":[{"name":"wp","href":"https:\/\/api.w.org\/{rel}","templated":true}]}}