{"id":5521,"date":"2026-04-20T15:53:17","date_gmt":"2026-04-20T15:53:17","guid":{"rendered":"https:\/\/motorcyclesafetylawyers.com\/revision-gratuita-de-la-poliza-de-seguro\/"},"modified":"2026-04-20T15:55:17","modified_gmt":"2026-04-20T15:55:17","slug":"revision-gratuita-de-la-poliza-de-seguro","status":"publish","type":"page","link":"https:\/\/motorcyclesafetylawyers.com\/es\/revision-gratuita-de-la-poliza-de-seguro\/","title":{"rendered":"Revisi\u00f3n GRATUITA de la p\u00f3liza de seguro"},"content":{"rendered":"<h1>Revisi\u00f3n GRATUITA de la p\u00f3liza de seguro<\/h1>\n<p class=\"p1\">Un an\u00e1lisis del seguro es un servicio <strong>GRATUITO<\/strong> que ofrece Motorcycle Safety Lawyers\u00ae. NO somos una compa\u00f1\u00eda de seguros, ni vendemos seguros. <span class=\"Apple-converted-space\">  <\/span>Este servicio consiste al 100% en mantenerte a ti y a los tuyos protegidos.<span class=\"Apple-converted-space\">  <\/span>Queremos que todos sepan a cu\u00e1nto podr\u00edan ascender los gastos m\u00e9dicos y los salarios perdidos en caso de accidente, y qu\u00e9 tipo de cobertura proporciona m\u00e1s beneficios.<\/p>\n<h3>Consigue ahora tu revisi\u00f3n gratuita de la p\u00f3liza de seguro<\/h3>\n<p class=\"p1\">Para una revisi\u00f3n <strong>GRATUITA<\/strong> de tu p\u00f3liza de seguro, env\u00eda por correo electr\u00f3nico una copia de tu p\u00e1gina de declaraciones a <strong><a href=\"mailto:Da***@*********************rs.com\" data-original-string=\"e5gmeTEgzzmDhl\/d0HlQdQ==223HjrPkcenoDJaBk3MaXXCMtcSUCmHrQKNtUAiBzIpLp06BX6zDyr\/OSVRfXfGH4ud\" title=\"Este contacto ha sido codificado por Anti-Spam by CleanTalk. Haz clic para decodificar. Para finalizar la decodificaci\u00f3n, aseg\u00farate de que JavaScript est\u00e1 activado en tu navegador.\"><span \n                data-original-string='KYgQ+Riv6U\/TCRpQFqSeAA==223zpPM7Xw2VfGcMyTgjQcx1WQLmuaRe1EwvzkwazukZO1Fde5rWv\/rX6a1vf8SNKPM'\n                class='apbct-email-encoder'\n                title='Este contacto ha sido codificado por Anti-Spam by CleanTalk. Haz clic para decodificar. Para finalizar la decodificaci\u00f3n, aseg\u00farate de que JavaScript est\u00e1 activado en tu navegador.'>Da<span class=\"apbct-blur\">***<\/span>@<span class=\"apbct-blur\">*********************<\/span>rs.com<\/span><\/a><\/strong> o llama a David al <strong><a href=\"tel:+12243921600\">224-392-1600<\/a><\/strong> (ten a mano tu p\u00e1gina de declaraciones).<span class=\"Apple-converted-space\">  <\/span>David estar\u00e1 encantado de revisar tu p\u00f3liza contigo y responderte con recomendaciones.<\/p>\n<p><img decoding=\"async\" class=\"alignnone size-full wp-image-3595\" src=\"https:\/\/motorcyclesafetylawyers.com\/wp-content\/uploads\/2022\/09\/free-insurance-review.jpg\" alt=\"Revisi\u00f3n gratuita del seguro\" width=\"1200\" height=\"628\" srcset=\"https:\/\/motorcyclesafetylawyers.com\/wp-content\/uploads\/2022\/09\/free-insurance-review.jpg 1200w, https:\/\/motorcyclesafetylawyers.com\/wp-content\/uploads\/2022\/09\/free-insurance-review-300x157.jpg 300w, https:\/\/motorcyclesafetylawyers.com\/wp-content\/uploads\/2022\/09\/free-insurance-review-1024x536.jpg 1024w, https:\/\/motorcyclesafetylawyers.com\/wp-content\/uploads\/2022\/09\/free-insurance-review-768x402.jpg 768w, https:\/\/motorcyclesafetylawyers.com\/wp-content\/uploads\/2022\/09\/free-insurance-review-600x314.jpg 600w\" sizes=\"(max-width: 1200px) 100vw, 1200px\" \/><\/p>\n","protected":false},"excerpt":{"rendered":"<p>Revisi\u00f3n GRATUITA de la p\u00f3liza de seguro Un an\u00e1lisis del seguro es un servicio GRATUITO que ofrece Motorcycle Safety Lawyers\u00ae. NO somos una compa\u00f1\u00eda de seguros, ni vendemos seguros. Este servicio consiste al 100% en mantenerte a ti y a los tuyos protegidos. Queremos que todos sepan a cu\u00e1nto podr\u00edan ascender los gastos m\u00e9dicos y [&hellip;]<\/p>\n","protected":false},"author":4,"featured_media":0,"parent":0,"menu_order":0,"comment_status":"closed","ping_status":"closed","template":"","meta":{"_acf_changed":false,"give_campaign_id":0,"footnotes":""},"class_list":["post-5521","page","type-page","status-publish","hentry"],"acf":[],"yoast_head":"<!-- This site is optimized with the Yoast SEO plugin v27.4 - https:\/\/yoast.com\/product\/yoast-seo-wordpress\/ -->\n<title>Revisi\u00f3n GRATUITA de la p\u00f3liza de seguro - Abogados especialistas en seguridad para motoristas<\/title>\n<meta name=\"description\" content=\"Motorcycle Safety Lawyers ofrece un servicio gratuito de an\u00e1lisis de la p\u00f3liza de seguro que puede ayudarte a elegir la mejor p\u00f3liza.\" \/>\n<meta name=\"robots\" content=\"index, follow, max-snippet:-1, max-image-preview:large, max-video-preview:-1\" \/>\n<link rel=\"canonical\" href=\"https:\/\/motorcyclesafetylawyers.com\/es\/revision-gratuita-de-la-poliza-de-seguro\/\" \/>\n<meta property=\"og:locale\" content=\"es_ES\" \/>\n<meta property=\"og:type\" content=\"article\" \/>\n<meta property=\"og:title\" content=\"Revisi\u00f3n GRATUITA de la p\u00f3liza de seguro - Abogados especialistas en seguridad para motoristas\" \/>\n<meta property=\"og:description\" content=\"Motorcycle Safety Lawyers ofrece un servicio gratuito de an\u00e1lisis de la p\u00f3liza de seguro que puede ayudarte a elegir la mejor p\u00f3liza.\" \/>\n<meta property=\"og:url\" content=\"https:\/\/motorcyclesafetylawyers.com\/es\/revision-gratuita-de-la-poliza-de-seguro\/\" \/>\n<meta property=\"og:site_name\" content=\"Motorcycle Safety Lawyers\" \/>\n<meta property=\"article:publisher\" content=\"https:\/\/www.facebook.com\/motorcyclesafetylawyers\" \/>\n<meta property=\"article:modified_time\" content=\"2026-04-20T15:55:17+00:00\" \/>\n<meta property=\"og:image\" content=\"https:\/\/motorcyclesafetylawyers.com\/wp-content\/uploads\/2022\/09\/free-insurance-review.jpg\" \/>\n\t<meta property=\"og:image:width\" content=\"1200\" \/>\n\t<meta property=\"og:image:height\" content=\"628\" \/>\n\t<meta property=\"og:image:type\" content=\"image\/jpeg\" \/>\n<meta name=\"twitter:card\" content=\"summary_large_image\" \/>\n<meta name=\"twitter:label1\" content=\"Tiempo de lectura\" \/>\n\t<meta name=\"twitter:data1\" content=\"1 minuto\" \/>\n<script type=\"application\/ld+json\" class=\"yoast-schema-graph\">{\"@context\":\"https:\\\/\\\/schema.org\",\"@graph\":[{\"@type\":\"WebPage\",\"@id\":\"https:\\\/\\\/motorcyclesafetylawyers.com\\\/es\\\/revision-gratuita-de-la-poliza-de-seguro\\\/\",\"url\":\"https:\\\/\\\/motorcyclesafetylawyers.com\\\/es\\\/revision-gratuita-de-la-poliza-de-seguro\\\/\",\"name\":\"Revisi\u00f3n GRATUITA de la p\u00f3liza de seguro - Abogados especialistas en seguridad para motoristas\",\"isPartOf\":{\"@id\":\"https:\\\/\\\/motorcyclesafetylawyers.com\\\/es\\\/#website\"},\"primaryImageOfPage\":{\"@id\":\"https:\\\/\\\/motorcyclesafetylawyers.com\\\/es\\\/revision-gratuita-de-la-poliza-de-seguro\\\/#primaryimage\"},\"image\":{\"@id\":\"https:\\\/\\\/motorcyclesafetylawyers.com\\\/es\\\/revision-gratuita-de-la-poliza-de-seguro\\\/#primaryimage\"},\"thumbnailUrl\":\"https:\\\/\\\/motorcyclesafetylawyers.com\\\/wp-content\\\/uploads\\\/2022\\\/09\\\/free-insurance-review.jpg\",\"datePublished\":\"2026-04-20T15:53:17+00:00\",\"dateModified\":\"2026-04-20T15:55:17+00:00\",\"description\":\"Motorcycle Safety Lawyers ofrece un servicio gratuito de an\u00e1lisis de la p\u00f3liza de seguro que puede ayudarte a elegir la mejor p\u00f3liza.\",\"breadcrumb\":{\"@id\":\"https:\\\/\\\/motorcyclesafetylawyers.com\\\/es\\\/revision-gratuita-de-la-poliza-de-seguro\\\/#breadcrumb\"},\"inLanguage\":\"es\",\"potentialAction\":[{\"@type\":\"ReadAction\",\"target\":[\"https:\\\/\\\/motorcyclesafetylawyers.com\\\/es\\\/revision-gratuita-de-la-poliza-de-seguro\\\/\"]}]},{\"@type\":\"ImageObject\",\"inLanguage\":\"es\",\"@id\":\"https:\\\/\\\/motorcyclesafetylawyers.com\\\/es\\\/revision-gratuita-de-la-poliza-de-seguro\\\/#primaryimage\",\"url\":\"https:\\\/\\\/motorcyclesafetylawyers.com\\\/wp-content\\\/uploads\\\/2022\\\/09\\\/free-insurance-review.jpg\",\"contentUrl\":\"https:\\\/\\\/motorcyclesafetylawyers.com\\\/wp-content\\\/uploads\\\/2022\\\/09\\\/free-insurance-review.jpg\"},{\"@type\":\"BreadcrumbList\",\"@id\":\"https:\\\/\\\/motorcyclesafetylawyers.com\\\/es\\\/revision-gratuita-de-la-poliza-de-seguro\\\/#breadcrumb\",\"itemListElement\":[{\"@type\":\"ListItem\",\"position\":1,\"name\":\"Home\",\"item\":\"https:\\\/\\\/motorcyclesafetylawyers.com\\\/es\\\/\"},{\"@type\":\"ListItem\",\"position\":2,\"name\":\"Revisi\u00f3n GRATUITA de la p\u00f3liza de seguro\"}]},{\"@type\":\"WebSite\",\"@id\":\"https:\\\/\\\/motorcyclesafetylawyers.com\\\/es\\\/#website\",\"url\":\"https:\\\/\\\/motorcyclesafetylawyers.com\\\/es\\\/\",\"name\":\"Motorcycle Safety Lawyers\",\"description\":\"Helping Injured Bikers\u2122 For Over 35 Years\",\"publisher\":{\"@id\":\"https:\\\/\\\/motorcyclesafetylawyers.com\\\/es\\\/#organization\"},\"potentialAction\":[{\"@type\":\"SearchAction\",\"target\":{\"@type\":\"EntryPoint\",\"urlTemplate\":\"https:\\\/\\\/motorcyclesafetylawyers.com\\\/es\\\/?s={search_term_string}\"},\"query-input\":{\"@type\":\"PropertyValueSpecification\",\"valueRequired\":true,\"valueName\":\"search_term_string\"}}],\"inLanguage\":\"es\"},{\"@type\":\"Organization\",\"@id\":\"https:\\\/\\\/motorcyclesafetylawyers.com\\\/es\\\/#organization\",\"name\":\"Illinois Motorcycle Lawyers\",\"url\":\"https:\\\/\\\/motorcyclesafetylawyers.com\\\/es\\\/\",\"logo\":{\"@type\":\"ImageObject\",\"inLanguage\":\"es\",\"@id\":\"https:\\\/\\\/motorcyclesafetylawyers.com\\\/es\\\/#\\\/schema\\\/logo\\\/image\\\/\",\"url\":\"https:\\\/\\\/motorcyclesafetylawyers.com\\\/wp-content\\\/uploads\\\/2022\\\/02\\\/motorcycle-safety-lawyers-logo-white.png\",\"contentUrl\":\"https:\\\/\\\/motorcyclesafetylawyers.com\\\/wp-content\\\/uploads\\\/2022\\\/02\\\/motorcycle-safety-lawyers-logo-white.png\",\"width\":482,\"height\":348,\"caption\":\"Illinois Motorcycle Lawyers\"},\"image\":{\"@id\":\"https:\\\/\\\/motorcyclesafetylawyers.com\\\/es\\\/#\\\/schema\\\/logo\\\/image\\\/\"},\"sameAs\":[\"https:\\\/\\\/www.facebook.com\\\/motorcyclesafetylawyers\",\"https:\\\/\\\/www.instagram.com\\\/motorcyclesafetylawyers\\\/\",\"https:\\\/\\\/www.youtube.com\\\/channel\\\/UCEGzDpXoyXOCCSFA4iIPlPw\"]}]}<\/script>\n<!-- \/ Yoast SEO plugin. -->","yoast_head_json":{"title":"Revisi\u00f3n GRATUITA de la p\u00f3liza de seguro - Abogados especialistas en seguridad para motoristas","description":"Motorcycle Safety Lawyers ofrece un servicio gratuito de an\u00e1lisis de la p\u00f3liza de seguro que puede ayudarte a elegir la mejor p\u00f3liza.","robots":{"index":"index","follow":"follow","max-snippet":"max-snippet:-1","max-image-preview":"max-image-preview:large","max-video-preview":"max-video-preview:-1"},"canonical":"https:\/\/motorcyclesafetylawyers.com\/es\/revision-gratuita-de-la-poliza-de-seguro\/","og_locale":"es_ES","og_type":"article","og_title":"Revisi\u00f3n GRATUITA de la p\u00f3liza de seguro - Abogados especialistas en seguridad para motoristas","og_description":"Motorcycle Safety Lawyers ofrece un servicio gratuito de an\u00e1lisis de la p\u00f3liza de seguro que puede ayudarte a elegir la mejor p\u00f3liza.","og_url":"https:\/\/motorcyclesafetylawyers.com\/es\/revision-gratuita-de-la-poliza-de-seguro\/","og_site_name":"Motorcycle Safety Lawyers","article_publisher":"https:\/\/www.facebook.com\/motorcyclesafetylawyers","article_modified_time":"2026-04-20T15:55:17+00:00","og_image":[{"width":1200,"height":628,"url":"https:\/\/motorcyclesafetylawyers.com\/wp-content\/uploads\/2022\/09\/free-insurance-review.jpg","type":"image\/jpeg"}],"twitter_card":"summary_large_image","twitter_misc":{"Tiempo de lectura":"1 minuto"},"schema":{"@context":"https:\/\/schema.org","@graph":[{"@type":"WebPage","@id":"https:\/\/motorcyclesafetylawyers.com\/es\/revision-gratuita-de-la-poliza-de-seguro\/","url":"https:\/\/motorcyclesafetylawyers.com\/es\/revision-gratuita-de-la-poliza-de-seguro\/","name":"Revisi\u00f3n GRATUITA de la p\u00f3liza de seguro - Abogados especialistas en seguridad para motoristas","isPartOf":{"@id":"https:\/\/motorcyclesafetylawyers.com\/es\/#website"},"primaryImageOfPage":{"@id":"https:\/\/motorcyclesafetylawyers.com\/es\/revision-gratuita-de-la-poliza-de-seguro\/#primaryimage"},"image":{"@id":"https:\/\/motorcyclesafetylawyers.com\/es\/revision-gratuita-de-la-poliza-de-seguro\/#primaryimage"},"thumbnailUrl":"https:\/\/motorcyclesafetylawyers.com\/wp-content\/uploads\/2022\/09\/free-insurance-review.jpg","datePublished":"2026-04-20T15:53:17+00:00","dateModified":"2026-04-20T15:55:17+00:00","description":"Motorcycle Safety Lawyers ofrece un servicio gratuito de an\u00e1lisis de la p\u00f3liza de seguro que puede ayudarte a elegir la mejor p\u00f3liza.","breadcrumb":{"@id":"https:\/\/motorcyclesafetylawyers.com\/es\/revision-gratuita-de-la-poliza-de-seguro\/#breadcrumb"},"inLanguage":"es","potentialAction":[{"@type":"ReadAction","target":["https:\/\/motorcyclesafetylawyers.com\/es\/revision-gratuita-de-la-poliza-de-seguro\/"]}]},{"@type":"ImageObject","inLanguage":"es","@id":"https:\/\/motorcyclesafetylawyers.com\/es\/revision-gratuita-de-la-poliza-de-seguro\/#primaryimage","url":"https:\/\/motorcyclesafetylawyers.com\/wp-content\/uploads\/2022\/09\/free-insurance-review.jpg","contentUrl":"https:\/\/motorcyclesafetylawyers.com\/wp-content\/uploads\/2022\/09\/free-insurance-review.jpg"},{"@type":"BreadcrumbList","@id":"https:\/\/motorcyclesafetylawyers.com\/es\/revision-gratuita-de-la-poliza-de-seguro\/#breadcrumb","itemListElement":[{"@type":"ListItem","position":1,"name":"Home","item":"https:\/\/motorcyclesafetylawyers.com\/es\/"},{"@type":"ListItem","position":2,"name":"Revisi\u00f3n GRATUITA de la p\u00f3liza de seguro"}]},{"@type":"WebSite","@id":"https:\/\/motorcyclesafetylawyers.com\/es\/#website","url":"https:\/\/motorcyclesafetylawyers.com\/es\/","name":"Motorcycle Safety Lawyers","description":"Helping Injured Bikers\u2122 For Over 35 Years","publisher":{"@id":"https:\/\/motorcyclesafetylawyers.com\/es\/#organization"},"potentialAction":[{"@type":"SearchAction","target":{"@type":"EntryPoint","urlTemplate":"https:\/\/motorcyclesafetylawyers.com\/es\/?s={search_term_string}"},"query-input":{"@type":"PropertyValueSpecification","valueRequired":true,"valueName":"search_term_string"}}],"inLanguage":"es"},{"@type":"Organization","@id":"https:\/\/motorcyclesafetylawyers.com\/es\/#organization","name":"Illinois Motorcycle Lawyers","url":"https:\/\/motorcyclesafetylawyers.com\/es\/","logo":{"@type":"ImageObject","inLanguage":"es","@id":"https:\/\/motorcyclesafetylawyers.com\/es\/#\/schema\/logo\/image\/","url":"https:\/\/motorcyclesafetylawyers.com\/wp-content\/uploads\/2022\/02\/motorcycle-safety-lawyers-logo-white.png","contentUrl":"https:\/\/motorcyclesafetylawyers.com\/wp-content\/uploads\/2022\/02\/motorcycle-safety-lawyers-logo-white.png","width":482,"height":348,"caption":"Illinois Motorcycle Lawyers"},"image":{"@id":"https:\/\/motorcyclesafetylawyers.com\/es\/#\/schema\/logo\/image\/"},"sameAs":["https:\/\/www.facebook.com\/motorcyclesafetylawyers","https:\/\/www.instagram.com\/motorcyclesafetylawyers\/","https:\/\/www.youtube.com\/channel\/UCEGzDpXoyXOCCSFA4iIPlPw"]}]}},"campaignId":"","_links":{"self":[{"href":"https:\/\/motorcyclesafetylawyers.com\/es\/wp-json\/wp\/v2\/pages\/5521","targetHints":{"allow":["GET"]}}],"collection":[{"href":"https:\/\/motorcyclesafetylawyers.com\/es\/wp-json\/wp\/v2\/pages"}],"about":[{"href":"https:\/\/motorcyclesafetylawyers.com\/es\/wp-json\/wp\/v2\/types\/page"}],"author":[{"embeddable":true,"href":"https:\/\/motorcyclesafetylawyers.com\/es\/wp-json\/wp\/v2\/users\/4"}],"replies":[{"embeddable":true,"href":"https:\/\/motorcyclesafetylawyers.com\/es\/wp-json\/wp\/v2\/comments?post=5521"}],"version-history":[{"count":1,"href":"https:\/\/motorcyclesafetylawyers.com\/es\/wp-json\/wp\/v2\/pages\/5521\/revisions"}],"predecessor-version":[{"id":5523,"href":"https:\/\/motorcyclesafetylawyers.com\/es\/wp-json\/wp\/v2\/pages\/5521\/revisions\/5523"}],"wp:attachment":[{"href":"https:\/\/motorcyclesafetylawyers.com\/es\/wp-json\/wp\/v2\/media?parent=5521"}],"curies":[{"name":"wp","href":"https:\/\/api.w.org\/{rel}","templated":true}]}}